{"id":61,"date":"2019-08-21T10:35:19","date_gmt":"2019-08-21T08:35:19","guid":{"rendered":"http:\/\/macoba.fr\/?page_id=61"},"modified":"2019-11-18T17:08:09","modified_gmt":"2019-11-18T16:08:09","slug":"refroidisseur-tubulaire","status":"publish","type":"page","link":"https:\/\/macoba.fr\/index.php\/refroidisseur-tubulaire\/","title":{"rendered":"Refroidisseur tubulaire"},"content":{"rendered":"\t\t<div data-elementor-type=\"wp-page\" data-elementor-id=\"61\" class=\"elementor elementor-61\">\n\t\t\t\t\t\t<div class=\"elementor-inner\">\n\t\t\t\t<div class=\"elementor-section-wrap\">\n\t\t\t\t\t\t\t\t\t<section class=\"elementor-section elementor-top-section elementor-element elementor-element-6f9df11a elementor-section-content-middle elementor-section-boxed elementor-section-height-default elementor-section-height-default\" data-id=\"6f9df11a\" data-element_type=\"section\">\n\t\t\t\t\t\t<div class=\"elementor-container elementor-column-gap-no\">\n\t\t\t\t\t\t\t<div class=\"elementor-row\">\n\t\t\t\t\t<div class=\"elementor-column elementor-col-100 elementor-top-column elementor-element elementor-element-5743fed7\" data-id=\"5743fed7\" data-element_type=\"column\">\n\t\t\t<div class=\"elementor-column-wrap elementor-element-populated\">\n\t\t\t\t\t\t\t<div class=\"elementor-widget-wrap\">\n\t\t\t\t\t\t<div class=\"elementor-element elementor-element-44bfb306 elementor-widget elementor-widget-heading\" data-id=\"44bfb306\" data-element_type=\"widget\" data-widget_type=\"heading.default\">\n\t\t\t\t<div class=\"elementor-widget-container\">\n\t\t\t<h4 class=\"elementor-heading-title elementor-size-default\">Gamme Packo Eco-Tube<\/h4>\t\t<\/div>\n\t\t\t\t<\/div>\n\t\t\t\t<div class=\"elementor-element elementor-element-42b1575 elementor-widget elementor-widget-text-editor\" data-id=\"42b1575\" data-element_type=\"widget\" data-widget_type=\"text-editor.default\">\n\t\t\t\t<div class=\"elementor-widget-container\">\n\t\t\t\t\t\t\t\t<div class=\"elementor-text-editor elementor-clearfix\">\n\t\t\t\t<p>Le <b>refroidisseur tubulaire Packo Eco-tube<\/b> est install\u00e9 sur la canalisation entre la salle de traite (ou le robot de traite) et le tank \u00e0 lait et raccord\u00e9 sur l&#8217;eau de forage (r\u00e9seau) ou l&#8217;eau glac\u00e9e. De cette fa\u00e7on le <b>lait est pr\u00e9-refroidi avant d&#8217;arriver dan<\/b>s le tank \u00e0 lait.&nbsp;<\/p>\t\t\t\t\t<\/div>\n\t\t\t\t\t\t<\/div>\n\t\t\t\t<\/div>\n\t\t\t\t<div class=\"elementor-element elementor-element-64cbe444 elementor-widget-divider--view-line_icon elementor-view-default elementor-widget-divider--element-align-center elementor-widget elementor-widget-divider\" data-id=\"64cbe444\" data-element_type=\"widget\" data-widget_type=\"divider.default\">\n\t\t\t\t<div class=\"elementor-widget-container\">\n\t\t\t\t\t<div class=\"elementor-divider\">\n\t\t\t<span class=\"elementor-divider-separator\">\n\t\t\t\t\t\t\t<div class=\"elementor-icon elementor-divider__element\">\n\t\t\t\t\t<i aria-hidden=\"true\" class=\"far fa-snowflake\"><\/i><\/div>\n\t\t\t\t\t\t<\/span>\n\t\t<\/div>\n\t\t\t\t<\/div>\n\t\t\t\t<\/div>\n\t\t\t\t<div class=\"elementor-element elementor-element-492a5e7 elementor-position-left elementor-vertical-align-top elementor-widget elementor-widget-image-box\" data-id=\"492a5e7\" data-element_type=\"widget\" data-widget_type=\"image-box.default\">\n\t\t\t\t<div class=\"elementor-widget-container\">\n\t\t\t<div class=\"elementor-image-box-wrapper\"><figure class=\"elementor-image-box-img\"><img width=\"279\" height=\"180\" src=\"https:\/\/macoba.fr\/wp-content\/uploads\/2019\/11\/refroidisseur2.png\" class=\"attachment-large size-large\" alt=\"\" loading=\"lazy\" \/><\/figure><div class=\"elementor-image-box-content\"><h3 class=\"elementor-image-box-title\">Avantages en termes d'\u00e9nergie<\/h3><p class=\"elementor-image-box-description\">- Production d'eau ti\u00e8de* <br>- Utilis\u00e9 comme pr\u00e9-refroidisseur avec l'eau de forage (r\u00e9seau) l'\u00e9conomie d'\u00e9nergie est consid\u00e9rable<br>- Baisse de consommation \u00e9lectrique pouvant atteindre 50 % dans le cadre du refroidissement du lait<\/p><\/div><\/div>\t\t<\/div>\n\t\t\t\t<\/div>\n\t\t\t\t<div class=\"elementor-element elementor-element-2c5a1ba elementor-widget elementor-widget-spacer\" data-id=\"2c5a1ba\" data-element_type=\"widget\" data-widget_type=\"spacer.default\">\n\t\t\t\t<div class=\"elementor-widget-container\">\n\t\t\t\t\t<div class=\"elementor-spacer\">\n\t\t\t<div class=\"elementor-spacer-inner\"><\/div>\n\t\t<\/div>\n\t\t\t\t<\/div>\n\t\t\t\t<\/div>\n\t\t\t\t<div class=\"elementor-element elementor-element-dda804c elementor-position-right elementor-vertical-align-top elementor-widget elementor-widget-image-box\" data-id=\"dda804c\" data-element_type=\"widget\" data-widget_type=\"image-box.default\">\n\t\t\t\t<div class=\"elementor-widget-container\">\n\t\t\t<div class=\"elementor-image-box-wrapper\"><figure class=\"elementor-image-box-img\"><img width=\"600\" height=\"400\" src=\"https:\/\/macoba.fr\/wp-content\/uploads\/2019\/11\/NEW.png\" class=\"attachment-large size-large\" alt=\"\" loading=\"lazy\" \/><\/figure><div class=\"elementor-image-box-content\"><h3 class=\"elementor-image-box-title\">Avantages sur la qualit\u00e9 du lait <\/h3><p class=\"elementor-image-box-description\">- Le fait de refroidir imm\u00e9diatement le lait apr\u00e8s la traite, pr\u00e9vient la prolif\u00e9ration bact\u00e9rienne.<br>- La faible temp\u00e9rature de m\u00e9lange dans la cuve, lors de la deuxi\u00e8me traite et des traites suivantes, r\u00e9duit les risques d'apparition bact\u00e9rienne.<br>- Absence de joints. Le lait entre exclusivement en contact avec l'acier inoxydable, donc moins de contaminations. Extr\u00eamement fiable compar\u00e9 au refroidisseur \u00e0 plaques et au refroidisseur \u00e0 faisceaux tubulaires. <\/p><\/div><\/div>\t\t<\/div>\n\t\t\t\t<\/div>\n\t\t\t\t<div class=\"elementor-element elementor-element-8189c63 elementor-widget elementor-widget-spacer\" data-id=\"8189c63\" data-element_type=\"widget\" data-widget_type=\"spacer.default\">\n\t\t\t\t<div class=\"elementor-widget-container\">\n\t\t\t\t\t<div class=\"elementor-spacer\">\n\t\t\t<div class=\"elementor-spacer-inner\"><\/div>\n\t\t<\/div>\n\t\t\t\t<\/div>\n\t\t\t\t<\/div>\n\t\t\t\t<div class=\"elementor-element elementor-element-73761df elementor-position-left elementor-vertical-align-top elementor-widget elementor-widget-image-box\" data-id=\"73761df\" data-element_type=\"widget\" data-widget_type=\"image-box.default\">\n\t\t\t\t<div class=\"elementor-widget-container\">\n\t\t\t<div class=\"elementor-image-box-wrapper\"><figure class=\"elementor-image-box-img\"><img width=\"600\" height=\"400\" src=\"https:\/\/macoba.fr\/wp-content\/uploads\/2019\/11\/prerefroidisseur-1.png\" class=\"attachment-full size-full\" alt=\"\" loading=\"lazy\" \/><\/figure><div class=\"elementor-image-box-content\"><h3 class=\"elementor-image-box-title\">Avantages techniques<\/h3><p class=\"elementor-image-box-description\">- Construction enti\u00e8rement en acier inoxydable. <br>- Absence de frais d'entretien. Le refroidisseur tubulaire Packo ne doit jamais \u00eatre d\u00e9mont\u00e9 contrairement au refroidisseur \u00e0 plaques et au refroidisseur \u00e0 faisceaux tubulaires. <br>- Possibilit\u00e9 d'adapter diff\u00e9rents raccordements. \n- Design compact. \n- Facile \u00e0 nettoyer, en m\u00eame temps que l'installation de traite. <br>- Large gamme de pr\u00e9-refroidisseurs r\u00e9pondant \u00e0 toutes les demandes. <\/p><\/div><\/div>\t\t<\/div>\n\t\t\t\t<\/div>\n\t\t\t\t<div class=\"elementor-element elementor-element-390f8fa elementor-widget elementor-widget-spacer\" data-id=\"390f8fa\" data-element_type=\"widget\" data-widget_type=\"spacer.default\">\n\t\t\t\t<div class=\"elementor-widget-container\">\n\t\t\t\t\t<div class=\"elementor-spacer\">\n\t\t\t<div class=\"elementor-spacer-inner\"><\/div>\n\t\t<\/div>\n\t\t\t\t<\/div>\n\t\t\t\t<\/div>\n\t\t\t\t<div class=\"elementor-element elementor-element-f8bde41 elementor-position-right elementor-vertical-align-top elementor-widget elementor-widget-image-box\" data-id=\"f8bde41\" data-element_type=\"widget\" data-widget_type=\"image-box.default\">\n\t\t\t\t<div class=\"elementor-widget-container\">\n\t\t\t<div class=\"elementor-image-box-wrapper\"><figure class=\"elementor-image-box-img\"><img width=\"244\" height=\"206\" src=\"https:\/\/macoba.fr\/wp-content\/uploads\/2019\/11\/images.png\" class=\"attachment-full size-full\" alt=\"\" loading=\"lazy\" \/><\/figure><div class=\"elementor-image-box-content\"><h3 class=\"elementor-image-box-title\">Avantages financiers<\/h3><p class=\"elementor-image-box-description\">- L'eau de source chauff\u00e9e peut servir d'eau de breuvage pour le cheptel. Les animaux consomment plus d'eau ti\u00e8de en saison hivernale, de cette fa\u00e7on la production laiti\u00e8re reste constante. Des \u00e9tudes en exploitation laiti\u00e8re l'ont d\u00e9montr\u00e9. <br>- Investissement r\u00e9duit par l'installation de groupes frigorifiques moins puissants. <br>- D\u00e9lai d'amortissement court<br>- Longue dur\u00e9e de vie<br><\/p><\/div><\/div>\t\t<\/div>\n\t\t\t\t<\/div>\n\t\t\t\t<div class=\"elementor-element elementor-element-476f077 elementor-widget elementor-widget-heading\" data-id=\"476f077\" data-element_type=\"widget\" data-widget_type=\"heading.default\">\n\t\t\t\t<div class=\"elementor-widget-container\">\n\t\t\t<h3 class=\"elementor-heading-title elementor-size-default\">Conseil : Renseignez-vous \u00e0 propos des possibilit\u00e9s de subventions dans le cadre de programmes favorisants les \u00e9conomies d'\u00e9nergies. <\/h3>\t\t<\/div>\n\t\t\t\t<\/div>\n\t\t\t\t\t\t<\/div>\n\t\t\t\t\t<\/div>\n\t\t<\/div>\n\t\t\t\t\t\t\t\t<\/div>\n\t\t\t\t\t<\/div>\n\t\t<\/section>\n\t\t\t\t<section class=\"elementor-section elementor-top-section elementor-element elementor-element-3eb26175 elementor-section-boxed elementor-section-height-default elementor-section-height-default\" data-id=\"3eb26175\" data-element_type=\"section\" data-settings=\"{&quot;background_background&quot;:&quot;classic&quot;,&quot;shape_divider_top&quot;:&quot;curve&quot;,&quot;shape_divider_top_negative&quot;:&quot;yes&quot;}\">\n\t\t\t\t\t\t\t<div class=\"elementor-background-overlay\"><\/div>\n\t\t\t\t\t\t<div class=\"elementor-shape elementor-shape-top\" data-negative=\"true\">\n\t\t\t<svg xmlns=\"http:\/\/www.w3.org\/2000\/svg\" viewBox=\"0 0 1000 100\" preserveAspectRatio=\"none\">\n\t<path class=\"elementor-shape-fill\" d=\"M500,97C126.7,96.3,0.8,19.8,0,0v100l1000,0V1C1000,19.4,873.3,97.8,500,97z\"\/>\n<\/svg>\t\t<\/div>\n\t\t\t\t\t<div class=\"elementor-container elementor-column-gap-default\">\n\t\t\t\t\t\t\t<div class=\"elementor-row\">\n\t\t\t\t\t<div class=\"elementor-column elementor-col-100 elementor-top-column elementor-element elementor-element-2f1a1e8a\" data-id=\"2f1a1e8a\" data-element_type=\"column\">\n\t\t\t<div class=\"elementor-column-wrap elementor-element-populated\">\n\t\t\t\t\t\t\t<div class=\"elementor-widget-wrap\">\n\t\t\t\t\t\t<div class=\"elementor-element elementor-element-b3818e6 elementor-widget elementor-widget-spacer\" data-id=\"b3818e6\" data-element_type=\"widget\" data-widget_type=\"spacer.default\">\n\t\t\t\t<div class=\"elementor-widget-container\">\n\t\t\t\t\t<div class=\"elementor-spacer\">\n\t\t\t<div class=\"elementor-spacer-inner\"><\/div>\n\t\t<\/div>\n\t\t\t\t<\/div>\n\t\t\t\t<\/div>\n\t\t\t\t\t\t<\/div>\n\t\t\t\t\t<\/div>\n\t\t<\/div>\n\t\t\t\t\t\t\t\t<\/div>\n\t\t\t\t\t<\/div>\n\t\t<\/section>\n\t\t\t\t<section class=\"elementor-section elementor-top-section elementor-element elementor-element-3986bb80 elementor-section-height-min-height elementor-section-content-top elementor-section-boxed elementor-section-height-default elementor-section-items-middle\" data-id=\"3986bb80\" data-element_type=\"section\" data-settings=\"{&quot;background_background&quot;:&quot;classic&quot;}\">\n\t\t\t\t\t\t<div class=\"elementor-container elementor-column-gap-default\">\n\t\t\t\t\t\t\t<div class=\"elementor-row\">\n\t\t\t\t\t<div class=\"elementor-column elementor-col-33 elementor-top-column elementor-element elementor-element-689a6b3b\" data-id=\"689a6b3b\" data-element_type=\"column\">\n\t\t\t<div class=\"elementor-column-wrap elementor-element-populated\">\n\t\t\t\t\t\t\t<div class=\"elementor-widget-wrap\">\n\t\t\t\t\t\t<div class=\"elementor-element elementor-element-4ada0999 elementor-view-default elementor-widget elementor-widget-icon\" data-id=\"4ada0999\" data-element_type=\"widget\" data-widget_type=\"icon.default\">\n\t\t\t\t<div class=\"elementor-widget-container\">\n\t\t\t\t\t<div class=\"elementor-icon-wrapper\">\n\t\t\t<div class=\"elementor-icon\">\n\t\t\t<i aria-hidden=\"true\" class=\"far fa-check-circle\"><\/i>\t\t\t<\/div>\n\t\t<\/div>\n\t\t\t\t<\/div>\n\t\t\t\t<\/div>\n\t\t\t\t<div class=\"elementor-element elementor-element-1c3a4d26 elementor-position-top elementor-vertical-align-top elementor-widget elementor-widget-image-box\" data-id=\"1c3a4d26\" data-element_type=\"widget\" data-widget_type=\"image-box.default\">\n\t\t\t\t<div class=\"elementor-widget-container\">\n\t\t\t<div class=\"elementor-image-box-wrapper\"><div class=\"elementor-image-box-content\"><h2 class=\"elementor-image-box-title\">SAvoir-Faire<\/h2><p class=\"elementor-image-box-description\">Depuis 2 g\u00e9n\u00e9rations, sp\u00e9cialiste en refroidissement et en machine \u00e0 traire. <\/p><\/div><\/div>\t\t<\/div>\n\t\t\t\t<\/div>\n\t\t\t\t\t\t<\/div>\n\t\t\t\t\t<\/div>\n\t\t<\/div>\n\t\t\t\t<div class=\"elementor-column elementor-col-33 elementor-top-column elementor-element elementor-element-12bf4e5d\" data-id=\"12bf4e5d\" data-element_type=\"column\">\n\t\t\t<div class=\"elementor-column-wrap elementor-element-populated\">\n\t\t\t\t\t\t\t<div class=\"elementor-widget-wrap\">\n\t\t\t\t\t\t<div class=\"elementor-element elementor-element-4f2cb7bd elementor-view-default elementor-widget elementor-widget-icon\" data-id=\"4f2cb7bd\" data-element_type=\"widget\" data-widget_type=\"icon.default\">\n\t\t\t\t<div class=\"elementor-widget-container\">\n\t\t\t\t\t<div class=\"elementor-icon-wrapper\">\n\t\t\t<div class=\"elementor-icon\">\n\t\t\t<i aria-hidden=\"true\" class=\"far fa-edit\"><\/i>\t\t\t<\/div>\n\t\t<\/div>\n\t\t\t\t<\/div>\n\t\t\t\t<\/div>\n\t\t\t\t<div class=\"elementor-element elementor-element-3efa779d elementor-position-top elementor-vertical-align-top elementor-widget elementor-widget-image-box\" data-id=\"3efa779d\" data-element_type=\"widget\" data-widget_type=\"image-box.default\">\n\t\t\t\t<div class=\"elementor-widget-container\">\n\t\t\t<div class=\"elementor-image-box-wrapper\"><div class=\"elementor-image-box-content\"><h2 class=\"elementor-image-box-title\">ecrivez-nous<\/h2><p class=\"elementor-image-box-description\">sarl.macoba@orange.fr<\/p><\/div><\/div>\t\t<\/div>\n\t\t\t\t<\/div>\n\t\t\t\t\t\t<\/div>\n\t\t\t\t\t<\/div>\n\t\t<\/div>\n\t\t\t\t<div class=\"elementor-column elementor-col-33 elementor-top-column elementor-element elementor-element-76bcc582\" data-id=\"76bcc582\" data-element_type=\"column\">\n\t\t\t<div class=\"elementor-column-wrap elementor-element-populated\">\n\t\t\t\t\t\t\t<div class=\"elementor-widget-wrap\">\n\t\t\t\t\t\t<div class=\"elementor-element elementor-element-5b778b39 elementor-view-default elementor-widget elementor-widget-icon\" data-id=\"5b778b39\" data-element_type=\"widget\" data-widget_type=\"icon.default\">\n\t\t\t\t<div class=\"elementor-widget-container\">\n\t\t\t\t\t<div class=\"elementor-icon-wrapper\">\n\t\t\t<div class=\"elementor-icon\">\n\t\t\t<i aria-hidden=\"true\" class=\"fas fa-phone-alt\"><\/i>\t\t\t<\/div>\n\t\t<\/div>\n\t\t\t\t<\/div>\n\t\t\t\t<\/div>\n\t\t\t\t<div class=\"elementor-element elementor-element-6f6d485 elementor-position-top elementor-vertical-align-top elementor-widget elementor-widget-image-box\" data-id=\"6f6d485\" data-element_type=\"widget\" data-widget_type=\"image-box.default\">\n\t\t\t\t<div class=\"elementor-widget-container\">\n\t\t\t<div class=\"elementor-image-box-wrapper\"><div class=\"elementor-image-box-content\"><h2 class=\"elementor-image-box-title\">Contactez-nous<\/h2><p class=\"elementor-image-box-description\">03.21.86.40.09<\/p><\/div><\/div>\t\t<\/div>\n\t\t\t\t<\/div>\n\t\t\t\t\t\t<\/div>\n\t\t\t\t\t<\/div>\n\t\t<\/div>\n\t\t\t\t\t\t\t\t<\/div>\n\t\t\t\t\t<\/div>\n\t\t<\/section>\n\t\t\t\t\t\t\t\t\t<\/div>\n\t\t\t<\/div>\n\t\t\t\t\t<\/div>\n\t\t","protected":false},"excerpt":{"rendered":"<div class=\"slide-text-bg2\"><span>Gamme Packo Eco-Tube Le refroidisseur tubulaire Packo Eco-tube est install\u00e9 sur la canalisation entre la salle de traite (ou le robot de traite) et le tan<\/span><\/div>\n<div class=\"slide-btn-area-sm\"><a href=\"https:\/\/macoba.fr\/index.php\/refroidisseur-tubulaire\/\" class=\"slide-btn-sm\">Read More<\/a><\/div>\n","protected":false},"author":1,"featured_media":0,"parent":0,"menu_order":0,"comment_status":"closed","ping_status":"closed","template":"fullwidth.php","meta":[],"yoast_head":"<!-- This site is optimized with the Yoast SEO plugin v18.4.1 - https:\/\/yoast.com\/wordpress\/plugins\/seo\/ -->\n<title>Refroidisseur tubulaire - Gamme Eco-Tube - SARL MACOBA - Hesmond<\/title>\n<meta name=\"description\" content=\"Pr\u00e9-refroidissement Gamme Eco-Tube Fullwood packo. refroidissement du lait. Mat\u00e9riel de traite. SARL MACOBA \u00e0 Hesmond Nord Pas de Calais.\" \/>\n<meta name=\"robots\" content=\"index, follow, max-snippet:-1, max-image-preview:large, max-video-preview:-1\" \/>\n<link rel=\"canonical\" href=\"http:\/\/macoba.fr\/index.php\/refroidisseur-tubulaire\/\" \/>\n<meta property=\"og:locale\" content=\"en_US\" \/>\n<meta property=\"og:type\" content=\"article\" \/>\n<meta property=\"og:title\" content=\"Refroidisseur tubulaire - Gamme Eco-Tube - SARL MACOBA - Hesmond\" \/>\n<meta property=\"og:description\" content=\"Pr\u00e9-refroidissement Gamme Eco-Tube Fullwood packo. refroidissement du lait. Mat\u00e9riel de traite. SARL MACOBA \u00e0 Hesmond Nord Pas de Calais.\" \/>\n<meta property=\"og:url\" content=\"http:\/\/macoba.fr\/index.php\/refroidisseur-tubulaire\/\" \/>\n<meta property=\"og:site_name\" content=\"SARL MACOBA\" \/>\n<meta property=\"article:modified_time\" content=\"2019-11-18T16:08:09+00:00\" \/>\n<meta property=\"og:image\" content=\"http:\/\/macoba.fr\/wp-content\/uploads\/2019\/11\/refroidisseur2.png\" \/>\n<meta name=\"twitter:card\" content=\"summary_large_image\" \/>\n<meta name=\"twitter:label1\" content=\"Est. reading time\" \/>\n\t<meta name=\"twitter:data1\" content=\"2 minutes\" \/>\n<script type=\"application\/ld+json\" class=\"yoast-schema-graph\">{\"@context\":\"https:\/\/schema.org\",\"@graph\":[{\"@type\":\"WebSite\",\"@id\":\"http:\/\/macoba.fr\/#website\",\"url\":\"http:\/\/macoba.fr\/\",\"name\":\"SARL MACOBA\",\"description\":\"\",\"potentialAction\":[{\"@type\":\"SearchAction\",\"target\":{\"@type\":\"EntryPoint\",\"urlTemplate\":\"http:\/\/macoba.fr\/?s={search_term_string}\"},\"query-input\":\"required name=search_term_string\"}],\"inLanguage\":\"en-US\"},{\"@type\":\"ImageObject\",\"@id\":\"http:\/\/macoba.fr\/index.php\/refroidisseur-tubulaire\/#primaryimage\",\"inLanguage\":\"en-US\",\"url\":\"https:\/\/macoba.fr\/wp-content\/uploads\/2019\/11\/refroidisseur2.png\",\"contentUrl\":\"https:\/\/macoba.fr\/wp-content\/uploads\/2019\/11\/refroidisseur2.png\",\"width\":279,\"height\":180,\"caption\":\"pr\u00e9 refroidissement du lait, pr\u00e9 refroidisseur tubulaire Packo Eco Tube, fullwood packo, syst\u00e8me de refroidissement du lait\"},{\"@type\":\"WebPage\",\"@id\":\"http:\/\/macoba.fr\/index.php\/refroidisseur-tubulaire\/#webpage\",\"url\":\"http:\/\/macoba.fr\/index.php\/refroidisseur-tubulaire\/\",\"name\":\"Refroidisseur tubulaire - Gamme Eco-Tube - SARL MACOBA - Hesmond\",\"isPartOf\":{\"@id\":\"http:\/\/macoba.fr\/#website\"},\"primaryImageOfPage\":{\"@id\":\"http:\/\/macoba.fr\/index.php\/refroidisseur-tubulaire\/#primaryimage\"},\"datePublished\":\"2019-08-21T08:35:19+00:00\",\"dateModified\":\"2019-11-18T16:08:09+00:00\",\"description\":\"Pr\u00e9-refroidissement Gamme Eco-Tube Fullwood packo. refroidissement du lait. Mat\u00e9riel de traite. SARL MACOBA \u00e0 Hesmond Nord Pas de Calais.\",\"breadcrumb\":{\"@id\":\"http:\/\/macoba.fr\/index.php\/refroidisseur-tubulaire\/#breadcrumb\"},\"inLanguage\":\"en-US\",\"potentialAction\":[{\"@type\":\"ReadAction\",\"target\":[\"http:\/\/macoba.fr\/index.php\/refroidisseur-tubulaire\/\"]}]},{\"@type\":\"BreadcrumbList\",\"@id\":\"http:\/\/macoba.fr\/index.php\/refroidisseur-tubulaire\/#breadcrumb\",\"itemListElement\":[{\"@type\":\"ListItem\",\"position\":1,\"name\":\"Accueil\",\"item\":\"http:\/\/macoba.fr\/\"},{\"@type\":\"ListItem\",\"position\":2,\"name\":\"Refroidisseur tubulaire\"}]}]}<\/script>\n<!-- \/ Yoast SEO plugin. -->","yoast_head_json":{"title":"Refroidisseur tubulaire - Gamme Eco-Tube - SARL MACOBA - Hesmond","description":"Pr\u00e9-refroidissement Gamme Eco-Tube Fullwood packo. refroidissement du lait. Mat\u00e9riel de traite. SARL MACOBA \u00e0 Hesmond Nord Pas de Calais.","robots":{"index":"index","follow":"follow","max-snippet":"max-snippet:-1","max-image-preview":"max-image-preview:large","max-video-preview":"max-video-preview:-1"},"canonical":"http:\/\/macoba.fr\/index.php\/refroidisseur-tubulaire\/","og_locale":"en_US","og_type":"article","og_title":"Refroidisseur tubulaire - Gamme Eco-Tube - SARL MACOBA - Hesmond","og_description":"Pr\u00e9-refroidissement Gamme Eco-Tube Fullwood packo. refroidissement du lait. Mat\u00e9riel de traite. SARL MACOBA \u00e0 Hesmond Nord Pas de Calais.","og_url":"http:\/\/macoba.fr\/index.php\/refroidisseur-tubulaire\/","og_site_name":"SARL MACOBA","article_modified_time":"2019-11-18T16:08:09+00:00","og_image":[{"url":"http:\/\/macoba.fr\/wp-content\/uploads\/2019\/11\/refroidisseur2.png"}],"twitter_card":"summary_large_image","twitter_misc":{"Est. reading time":"2 minutes"},"schema":{"@context":"https:\/\/schema.org","@graph":[{"@type":"WebSite","@id":"http:\/\/macoba.fr\/#website","url":"http:\/\/macoba.fr\/","name":"SARL MACOBA","description":"","potentialAction":[{"@type":"SearchAction","target":{"@type":"EntryPoint","urlTemplate":"http:\/\/macoba.fr\/?s={search_term_string}"},"query-input":"required name=search_term_string"}],"inLanguage":"en-US"},{"@type":"ImageObject","@id":"http:\/\/macoba.fr\/index.php\/refroidisseur-tubulaire\/#primaryimage","inLanguage":"en-US","url":"https:\/\/macoba.fr\/wp-content\/uploads\/2019\/11\/refroidisseur2.png","contentUrl":"https:\/\/macoba.fr\/wp-content\/uploads\/2019\/11\/refroidisseur2.png","width":279,"height":180,"caption":"pr\u00e9 refroidissement du lait, pr\u00e9 refroidisseur tubulaire Packo Eco Tube, fullwood packo, syst\u00e8me de refroidissement du lait"},{"@type":"WebPage","@id":"http:\/\/macoba.fr\/index.php\/refroidisseur-tubulaire\/#webpage","url":"http:\/\/macoba.fr\/index.php\/refroidisseur-tubulaire\/","name":"Refroidisseur tubulaire - Gamme Eco-Tube - SARL MACOBA - Hesmond","isPartOf":{"@id":"http:\/\/macoba.fr\/#website"},"primaryImageOfPage":{"@id":"http:\/\/macoba.fr\/index.php\/refroidisseur-tubulaire\/#primaryimage"},"datePublished":"2019-08-21T08:35:19+00:00","dateModified":"2019-11-18T16:08:09+00:00","description":"Pr\u00e9-refroidissement Gamme Eco-Tube Fullwood packo. refroidissement du lait. Mat\u00e9riel de traite. SARL MACOBA \u00e0 Hesmond Nord Pas de Calais.","breadcrumb":{"@id":"http:\/\/macoba.fr\/index.php\/refroidisseur-tubulaire\/#breadcrumb"},"inLanguage":"en-US","potentialAction":[{"@type":"ReadAction","target":["http:\/\/macoba.fr\/index.php\/refroidisseur-tubulaire\/"]}]},{"@type":"BreadcrumbList","@id":"http:\/\/macoba.fr\/index.php\/refroidisseur-tubulaire\/#breadcrumb","itemListElement":[{"@type":"ListItem","position":1,"name":"Accueil","item":"http:\/\/macoba.fr\/"},{"@type":"ListItem","position":2,"name":"Refroidisseur tubulaire"}]}]}},"_links":{"self":[{"href":"https:\/\/macoba.fr\/index.php\/wp-json\/wp\/v2\/pages\/61"}],"collection":[{"href":"https:\/\/macoba.fr\/index.php\/wp-json\/wp\/v2\/pages"}],"about":[{"href":"https:\/\/macoba.fr\/index.php\/wp-json\/wp\/v2\/types\/page"}],"author":[{"embeddable":true,"href":"https:\/\/macoba.fr\/index.php\/wp-json\/wp\/v2\/users\/1"}],"replies":[{"embeddable":true,"href":"https:\/\/macoba.fr\/index.php\/wp-json\/wp\/v2\/comments?post=61"}],"version-history":[{"count":4,"href":"https:\/\/macoba.fr\/index.php\/wp-json\/wp\/v2\/pages\/61\/revisions"}],"predecessor-version":[{"id":1404,"href":"https:\/\/macoba.fr\/index.php\/wp-json\/wp\/v2\/pages\/61\/revisions\/1404"}],"wp:attachment":[{"href":"https:\/\/macoba.fr\/index.php\/wp-json\/wp\/v2\/media?parent=61"}],"curies":[{"name":"wp","href":"https:\/\/api.w.org\/{rel}","templated":true}]}}