{"id":49,"date":"2019-08-21T10:34:03","date_gmt":"2019-08-21T08:34:03","guid":{"rendered":"http:\/\/macoba.fr\/?page_id=49"},"modified":"2019-10-07T11:37:42","modified_gmt":"2019-10-07T09:37:42","slug":"rotative","status":"publish","type":"page","link":"https:\/\/macoba.fr\/index.php\/rotative\/","title":{"rendered":"Rotative"},"content":{"rendered":"\t\t<div data-elementor-type=\"wp-post\" data-elementor-id=\"49\" class=\"elementor elementor-49\">\n\t\t\t\t\t\t<div class=\"elementor-inner\">\n\t\t\t\t<div class=\"elementor-section-wrap\">\n\t\t\t\t\t\t\t\t\t<section class=\"elementor-section elementor-top-section elementor-element elementor-element-5268d987 elementor-section-height-min-height elementor-section-boxed elementor-section-height-default elementor-section-items-middle\" data-id=\"5268d987\" data-element_type=\"section\" data-settings=\"{&quot;background_background&quot;:&quot;classic&quot;,&quot;shape_divider_bottom&quot;:&quot;arrow&quot;,&quot;shape_divider_bottom_negative&quot;:&quot;yes&quot;}\">\n\t\t\t\t\t\t\t<div class=\"elementor-background-overlay\"><\/div>\n\t\t\t\t\t\t<div class=\"elementor-shape elementor-shape-bottom\" data-negative=\"true\">\n\t\t\t<svg xmlns=\"http:\/\/www.w3.org\/2000\/svg\" viewBox=\"0 0 700 10\" preserveAspectRatio=\"none\">\n\t<path class=\"elementor-shape-fill\" d=\"M360 0L350 9.9 340 0 0 0 0 10 700 10 700 0\"\/>\n<\/svg>\t\t<\/div>\n\t\t\t\t\t<div class=\"elementor-container elementor-column-gap-default\">\n\t\t\t\t\t\t\t<div class=\"elementor-row\">\n\t\t\t\t\t<div class=\"elementor-column elementor-col-100 elementor-top-column elementor-element elementor-element-70367eb\" data-id=\"70367eb\" data-element_type=\"column\">\n\t\t\t<div class=\"elementor-column-wrap\">\n\t\t\t\t\t\t\t<div class=\"elementor-widget-wrap\">\n\t\t\t\t\t\t\t\t<\/div>\n\t\t\t\t\t<\/div>\n\t\t<\/div>\n\t\t\t\t\t\t\t\t<\/div>\n\t\t\t\t\t<\/div>\n\t\t<\/section>\n\t\t\t\t<section class=\"elementor-section elementor-top-section elementor-element elementor-element-2c234f95 elementor-section-content-middle elementor-section-boxed elementor-section-height-default elementor-section-height-default\" data-id=\"2c234f95\" data-element_type=\"section\" data-settings=\"{&quot;background_background&quot;:&quot;classic&quot;}\">\n\t\t\t\t\t\t<div class=\"elementor-container elementor-column-gap-default\">\n\t\t\t\t\t\t\t<div class=\"elementor-row\">\n\t\t\t\t\t<div class=\"elementor-column elementor-col-100 elementor-top-column elementor-element elementor-element-40a0aecc\" data-id=\"40a0aecc\" data-element_type=\"column\">\n\t\t\t<div class=\"elementor-column-wrap elementor-element-populated\">\n\t\t\t\t\t\t\t<div class=\"elementor-widget-wrap\">\n\t\t\t\t\t\t<div class=\"elementor-element elementor-element-6cb33e21 elementor-widget elementor-widget-heading\" data-id=\"6cb33e21\" data-element_type=\"widget\" data-widget_type=\"heading.default\">\n\t\t\t\t<div class=\"elementor-widget-container\">\n\t\t\t<h1 class=\"elementor-heading-title elementor-size-default\">La Traite Rotative<\/h1>\t\t<\/div>\n\t\t\t\t<\/div>\n\t\t\t\t\t\t<\/div>\n\t\t\t\t\t<\/div>\n\t\t<\/div>\n\t\t\t\t\t\t\t\t<\/div>\n\t\t\t\t\t<\/div>\n\t\t<\/section>\n\t\t\t\t<section class=\"elementor-section elementor-top-section elementor-element elementor-element-1ad78d09 elementor-section-content-middle elementor-reverse-mobile elementor-section-boxed elementor-section-height-default elementor-section-height-default\" data-id=\"1ad78d09\" data-element_type=\"section\">\n\t\t\t\t\t\t<div class=\"elementor-container elementor-column-gap-default\">\n\t\t\t\t\t\t\t<div class=\"elementor-row\">\n\t\t\t\t\t<div class=\"elementor-column elementor-col-50 elementor-top-column elementor-element elementor-element-43b6da95\" data-id=\"43b6da95\" data-element_type=\"column\">\n\t\t\t<div class=\"elementor-column-wrap elementor-element-populated\">\n\t\t\t\t\t\t\t<div class=\"elementor-widget-wrap\">\n\t\t\t\t\t\t<div class=\"elementor-element elementor-element-3866806b elementor-widget elementor-widget-heading\" data-id=\"3866806b\" data-element_type=\"widget\" data-widget_type=\"heading.default\">\n\t\t\t\t<div class=\"elementor-widget-container\">\n\t\t\t<h3 class=\"elementor-heading-title elementor-size-default\">R\u00e9volution<\/h3>\t\t<\/div>\n\t\t\t\t<\/div>\n\t\t\t\t<div class=\"elementor-element elementor-element-6f752681 elementor-widget elementor-widget-text-editor\" data-id=\"6f752681\" data-element_type=\"widget\" data-widget_type=\"text-editor.default\">\n\t\t\t\t<div class=\"elementor-widget-container\">\n\t\t\t\t\t\t\t\t<div class=\"elementor-text-editor elementor-clearfix\">\n\t\t\t\t<p>La traite arri\u00e8re dans un roto pour traite ext\u00e9rieure de 32 \u00e0 80 places.\u00a0<\/p>\t\t\t\t\t<\/div>\n\t\t\t\t\t\t<\/div>\n\t\t\t\t<\/div>\n\t\t\t\t<div class=\"elementor-element elementor-element-7515fbeb elementor-align-left elementor-mobile-align-center elementor-widget elementor-widget-button\" data-id=\"7515fbeb\" data-element_type=\"widget\" data-widget_type=\"button.default\">\n\t\t\t\t<div class=\"elementor-widget-container\">\n\t\t\t\t\t<div class=\"elementor-button-wrapper\">\n\t\t\t<a href=\"https:\/\/macoba.fr\/index.php\/revolution\/\" class=\"elementor-button-link elementor-button elementor-size-md elementor-animation-pulse-shrink\" role=\"button\">\n\t\t\t\t\t\t<span class=\"elementor-button-content-wrapper\">\n\t\t\t\t\t\t\t<span class=\"elementor-button-icon elementor-align-icon-right\">\n\t\t\t\t<i aria-hidden=\"true\" class=\"fas fa-angle-double-right\"><\/i>\t\t\t<\/span>\n\t\t\t\t\t\t<span class=\"elementor-button-text\">Voir le produit<\/span>\n\t\t<\/span>\n\t\t\t\t\t<\/a>\n\t\t<\/div>\n\t\t\t\t<\/div>\n\t\t\t\t<\/div>\n\t\t\t\t\t\t<\/div>\n\t\t\t\t\t<\/div>\n\t\t<\/div>\n\t\t\t\t<div class=\"elementor-column elementor-col-50 elementor-top-column elementor-element elementor-element-5963f6c5\" data-id=\"5963f6c5\" data-element_type=\"column\">\n\t\t\t<div class=\"elementor-column-wrap elementor-element-populated\">\n\t\t\t\t\t\t\t<div class=\"elementor-widget-wrap\">\n\t\t\t\t\t\t<div class=\"elementor-element elementor-element-1642c106 elementor-widget elementor-widget-image\" data-id=\"1642c106\" data-element_type=\"widget\" data-widget_type=\"image.default\">\n\t\t\t\t<div class=\"elementor-widget-container\">\n\t\t\t\t\t\t\t\t<div class=\"elementor-image\">\n\t\t\t\t\t\t\t\t\t\t\t\t<img width=\"4416\" height=\"3312\" src=\"https:\/\/macoba.fr\/wp-content\/uploads\/2019\/10\/Steele-Oct-2012-8.jpg\" class=\"attachment-full size-full\" alt=\"\" loading=\"lazy\" srcset=\"https:\/\/macoba.fr\/wp-content\/uploads\/2019\/10\/Steele-Oct-2012-8.jpg 4416w, https:\/\/macoba.fr\/wp-content\/uploads\/2019\/10\/Steele-Oct-2012-8-300x225.jpg 300w, https:\/\/macoba.fr\/wp-content\/uploads\/2019\/10\/Steele-Oct-2012-8-768x576.jpg 768w, https:\/\/macoba.fr\/wp-content\/uploads\/2019\/10\/Steele-Oct-2012-8-1024x768.jpg 1024w\" sizes=\"(max-width: 4416px) 100vw, 4416px\" \/>\t\t\t\t\t\t\t\t\t\t\t\t\t\t<\/div>\n\t\t\t\t\t\t<\/div>\n\t\t\t\t<\/div>\n\t\t\t\t\t\t<\/div>\n\t\t\t\t\t<\/div>\n\t\t<\/div>\n\t\t\t\t\t\t\t\t<\/div>\n\t\t\t\t\t<\/div>\n\t\t<\/section>\n\t\t\t\t<section class=\"elementor-section elementor-top-section elementor-element elementor-element-3205c1b9 elementor-section-content-middle elementor-section-boxed elementor-section-height-default elementor-section-height-default\" data-id=\"3205c1b9\" data-element_type=\"section\">\n\t\t\t\t\t\t<div class=\"elementor-container elementor-column-gap-default\">\n\t\t\t\t\t\t\t<div class=\"elementor-row\">\n\t\t\t\t\t<div class=\"elementor-column elementor-col-50 elementor-top-column elementor-element elementor-element-76284900\" data-id=\"76284900\" data-element_type=\"column\">\n\t\t\t<div class=\"elementor-column-wrap elementor-element-populated\">\n\t\t\t\t\t\t\t<div class=\"elementor-widget-wrap\">\n\t\t\t\t\t\t<div class=\"elementor-element elementor-element-17ead0c1 elementor-widget elementor-widget-image\" data-id=\"17ead0c1\" data-element_type=\"widget\" data-widget_type=\"image.default\">\n\t\t\t\t<div class=\"elementor-widget-container\">\n\t\t\t\t\t\t\t\t<div class=\"elementor-image\">\n\t\t\t\t\t\t\t\t\t\t\t\t<img src=\"http:\/\/macoba.fr\/wp-content\/uploads\/2019\/10\/0001.jpg\" title=\"\" alt=\"\" \/>\t\t\t\t\t\t\t\t\t\t\t\t\t\t<\/div>\n\t\t\t\t\t\t<\/div>\n\t\t\t\t<\/div>\n\t\t\t\t\t\t<\/div>\n\t\t\t\t\t<\/div>\n\t\t<\/div>\n\t\t\t\t<div class=\"elementor-column elementor-col-50 elementor-top-column elementor-element elementor-element-367a821e\" data-id=\"367a821e\" data-element_type=\"column\">\n\t\t\t<div class=\"elementor-column-wrap elementor-element-populated\">\n\t\t\t\t\t\t\t<div class=\"elementor-widget-wrap\">\n\t\t\t\t\t\t<div class=\"elementor-element elementor-element-68ecf07a elementor-widget elementor-widget-heading\" data-id=\"68ecf07a\" data-element_type=\"widget\" data-widget_type=\"heading.default\">\n\t\t\t\t<div class=\"elementor-widget-container\">\n\t\t\t<h3 class=\"elementor-heading-title elementor-size-default\">Mercury<\/h3>\t\t<\/div>\n\t\t\t\t<\/div>\n\t\t\t\t<div class=\"elementor-element elementor-element-205bd862 elementor-widget elementor-widget-text-editor\" data-id=\"205bd862\" data-element_type=\"widget\" data-widget_type=\"text-editor.default\">\n\t\t\t\t<div class=\"elementor-widget-container\">\n\t\t\t\t\t\t\t\t<div class=\"elementor-text-editor elementor-clearfix\">\n\t\t\t\t<p>Votre outil le plus productif avec une plateforme de traite int\u00e9rieure de 20 \u00e0 32 places pour laquelle un seule trayeur suffit.\u00a0<\/p>\t\t\t\t\t<\/div>\n\t\t\t\t\t\t<\/div>\n\t\t\t\t<\/div>\n\t\t\t\t<div class=\"elementor-element elementor-element-9fdb3bd elementor-align-left elementor-mobile-align-center elementor-widget elementor-widget-button\" data-id=\"9fdb3bd\" data-element_type=\"widget\" data-widget_type=\"button.default\">\n\t\t\t\t<div class=\"elementor-widget-container\">\n\t\t\t\t\t<div class=\"elementor-button-wrapper\">\n\t\t\t<a href=\"https:\/\/macoba.fr\/index.php\/mercury\/\" class=\"elementor-button-link elementor-button elementor-size-md elementor-animation-pulse-shrink\" role=\"button\">\n\t\t\t\t\t\t<span class=\"elementor-button-content-wrapper\">\n\t\t\t\t\t\t\t<span class=\"elementor-button-icon elementor-align-icon-right\">\n\t\t\t\t<i aria-hidden=\"true\" class=\"fas fa-angle-double-right\"><\/i>\t\t\t<\/span>\n\t\t\t\t\t\t<span class=\"elementor-button-text\">Voir le produit<\/span>\n\t\t<\/span>\n\t\t\t\t\t<\/a>\n\t\t<\/div>\n\t\t\t\t<\/div>\n\t\t\t\t<\/div>\n\t\t\t\t\t\t<\/div>\n\t\t\t\t\t<\/div>\n\t\t<\/div>\n\t\t\t\t\t\t\t\t<\/div>\n\t\t\t\t\t<\/div>\n\t\t<\/section>\n\t\t\t\t<section class=\"elementor-section elementor-top-section elementor-element elementor-element-4b8cc47c elementor-section-content-middle elementor-reverse-mobile elementor-section-boxed elementor-section-height-default elementor-section-height-default\" data-id=\"4b8cc47c\" data-element_type=\"section\">\n\t\t\t\t\t\t<div class=\"elementor-container elementor-column-gap-default\">\n\t\t\t\t\t\t\t<div class=\"elementor-row\">\n\t\t\t\t\t<div class=\"elementor-column elementor-col-50 elementor-top-column elementor-element elementor-element-5c7fa2fb\" data-id=\"5c7fa2fb\" data-element_type=\"column\">\n\t\t\t<div class=\"elementor-column-wrap elementor-element-populated\">\n\t\t\t\t\t\t\t<div class=\"elementor-widget-wrap\">\n\t\t\t\t\t\t<div class=\"elementor-element elementor-element-702e57db elementor-widget elementor-widget-heading\" data-id=\"702e57db\" data-element_type=\"widget\" data-widget_type=\"heading.default\">\n\t\t\t\t<div class=\"elementor-widget-container\">\n\t\t\t<h3 class=\"elementor-heading-title elementor-size-default\">H\u00e9lios<\/h3>\t\t<\/div>\n\t\t\t\t<\/div>\n\t\t\t\t<div class=\"elementor-element elementor-element-6e28a6cb elementor-widget elementor-widget-text-editor\" data-id=\"6e28a6cb\" data-element_type=\"widget\" data-widget_type=\"text-editor.default\">\n\t\t\t\t<div class=\"elementor-widget-container\">\n\t\t\t\t\t\t\t\t<div class=\"elementor-text-editor elementor-clearfix\">\n\t\t\t\t<p>La traite arri\u00e8re dans un roto pour une traite int\u00e9rieure. La salle de traite rotative H\u00e9lios est disponible en 28 postes uniquement &#8211; sens horaire.\u00a0<\/p>\t\t\t\t\t<\/div>\n\t\t\t\t\t\t<\/div>\n\t\t\t\t<\/div>\n\t\t\t\t<div class=\"elementor-element elementor-element-184feafe elementor-align-left elementor-mobile-align-center elementor-widget elementor-widget-button\" data-id=\"184feafe\" data-element_type=\"widget\" data-widget_type=\"button.default\">\n\t\t\t\t<div class=\"elementor-widget-container\">\n\t\t\t\t\t<div class=\"elementor-button-wrapper\">\n\t\t\t<a href=\"https:\/\/macoba.fr\/index.php\/helios\/\" class=\"elementor-button-link elementor-button elementor-size-md elementor-animation-pulse-shrink\" role=\"button\">\n\t\t\t\t\t\t<span class=\"elementor-button-content-wrapper\">\n\t\t\t\t\t\t\t<span class=\"elementor-button-icon elementor-align-icon-right\">\n\t\t\t\t<i aria-hidden=\"true\" class=\"fas fa-angle-double-right\"><\/i>\t\t\t<\/span>\n\t\t\t\t\t\t<span class=\"elementor-button-text\">Voir le produit<\/span>\n\t\t<\/span>\n\t\t\t\t\t<\/a>\n\t\t<\/div>\n\t\t\t\t<\/div>\n\t\t\t\t<\/div>\n\t\t\t\t\t\t<\/div>\n\t\t\t\t\t<\/div>\n\t\t<\/div>\n\t\t\t\t<div class=\"elementor-column elementor-col-50 elementor-top-column elementor-element elementor-element-26bd22b6\" data-id=\"26bd22b6\" data-element_type=\"column\">\n\t\t\t<div class=\"elementor-column-wrap elementor-element-populated\">\n\t\t\t\t\t\t\t<div class=\"elementor-widget-wrap\">\n\t\t\t\t\t\t<div class=\"elementor-element elementor-element-396bd921 elementor-widget elementor-widget-image\" data-id=\"396bd921\" data-element_type=\"widget\" data-widget_type=\"image.default\">\n\t\t\t\t<div class=\"elementor-widget-container\">\n\t\t\t\t\t\t\t\t<div class=\"elementor-image\">\n\t\t\t\t\t\t\t\t\t\t\t\t<img src=\"http:\/\/macoba.fr\/wp-content\/uploads\/2019\/10\/0003.jpg\" title=\"\" alt=\"\" \/>\t\t\t\t\t\t\t\t\t\t\t\t\t\t<\/div>\n\t\t\t\t\t\t<\/div>\n\t\t\t\t<\/div>\n\t\t\t\t\t\t<\/div>\n\t\t\t\t\t<\/div>\n\t\t<\/div>\n\t\t\t\t\t\t\t\t<\/div>\n\t\t\t\t\t<\/div>\n\t\t<\/section>\n\t\t\t\t<section class=\"elementor-section elementor-top-section elementor-element elementor-element-13c86409 elementor-section-boxed elementor-section-height-default elementor-section-height-default\" data-id=\"13c86409\" data-element_type=\"section\" data-settings=\"{&quot;background_background&quot;:&quot;classic&quot;,&quot;shape_divider_bottom&quot;:&quot;arrow&quot;,&quot;shape_divider_bottom_negative&quot;:&quot;yes&quot;}\">\n\t\t\t\t\t<div class=\"elementor-shape elementor-shape-bottom\" data-negative=\"true\">\n\t\t\t<svg xmlns=\"http:\/\/www.w3.org\/2000\/svg\" viewBox=\"0 0 700 10\" preserveAspectRatio=\"none\">\n\t<path class=\"elementor-shape-fill\" d=\"M360 0L350 9.9 340 0 0 0 0 10 700 10 700 0\"\/>\n<\/svg>\t\t<\/div>\n\t\t\t\t\t<div class=\"elementor-container elementor-column-gap-default\">\n\t\t\t\t\t\t\t<div class=\"elementor-row\">\n\t\t\t\t\t<div class=\"elementor-column elementor-col-100 elementor-top-column elementor-element elementor-element-12fe71ef\" data-id=\"12fe71ef\" data-element_type=\"column\">\n\t\t\t<div class=\"elementor-column-wrap elementor-element-populated\">\n\t\t\t\t\t\t\t<div class=\"elementor-widget-wrap\">\n\t\t\t\t\t\t<div class=\"elementor-element elementor-element-5409a547 elementor-aspect-ratio-169 elementor-widget elementor-widget-video\" data-id=\"5409a547\" data-element_type=\"widget\" data-settings=\"{&quot;youtube_url&quot;:&quot;https:\\\/\\\/www.youtube.com\\\/watch?v=eFb51ocxoRc&amp;t=44s&quot;,&quot;video_type&quot;:&quot;youtube&quot;,&quot;controls&quot;:&quot;yes&quot;,&quot;aspect_ratio&quot;:&quot;169&quot;}\" data-widget_type=\"video.default\">\n\t\t\t\t<div class=\"elementor-widget-container\">\n\t\t\t\t\t<div class=\"elementor-wrapper elementor-fit-aspect-ratio elementor-open-inline\">\n\t\t\t<div class=\"elementor-video\"><\/div>\t\t<\/div>\n\t\t\t\t<\/div>\n\t\t\t\t<\/div>\n\t\t\t\t<div class=\"elementor-element elementor-element-56653221 elementor-widget elementor-widget-testimonial\" data-id=\"56653221\" data-element_type=\"widget\" data-widget_type=\"testimonial.default\">\n\t\t\t\t<div class=\"elementor-widget-container\">\n\t\t\t\t\t<div class=\"elementor-testimonial-wrapper\">\n\t\t\t\t\t\t\t<div class=\"elementor-testimonial-content\">\"Fullwood Packo fabrique et livre des salles de traite rotatives dans le monde entier. Notre connaissance des troupeaux laitiers et les exp\u00e9riences des \u00e9leveurs nous ont permis de concevoir des salles de traite durables, adapt\u00e9es aux trayeurs et aux vaches. <br>Nous pouvons vous conseiller sur l'implantation, la circulation des vaches et les dimensiosn possibles. Choisir une salle de traite rotative Fullwood Packo, c'est opter pour la vitesse, la capacit\u00e9 et l'ergonomie. Nos salles de traites rotatives peuvent \u00eatre fabriqu\u00e9es \u00e0 la mesure de votre exploitation\"<\/div>\n\t\t\t\n\t\t\t\t\t\t<div class=\"elementor-testimonial-meta elementor-has-image elementor-testimonial-image-position-top\">\n\t\t\t\t<div class=\"elementor-testimonial-meta-inner\">\n\t\t\t\t\t\t\t\t\t\t\t<div class=\"elementor-testimonial-image\">\n\t\t\t\t\t\t\t<img width=\"204\" height=\"204\" src=\"https:\/\/macoba.fr\/wp-content\/uploads\/2019\/08\/Sans-titre-2-1.png\" class=\"attachment-full size-full\" alt=\"\" loading=\"lazy\" \/>\t\t\t\t\t\t<\/div>\n\t\t\t\t\t\n\t\t\t\t\t\t\t\t\t\t<div class=\"elementor-testimonial-details\">\n\t\t\t\t\t\t\t\t\t\t\t\t\t\t<div class=\"elementor-testimonial-name\">Fullwood Packo<\/div>\n\t\t\t\t\t\t\t\t\t\t\t\t\t\t\t\t\t\t\t\t\t\t<div class=\"elementor-testimonial-job\">Salles de traite rotatives<\/div>\n\t\t\t\t\t\t\t\t\t\t\t\t\t<\/div>\n\t\t\t\t\t\t\t\t\t<\/div>\n\t\t\t<\/div>\n\t\t\t\t\t<\/div>\n\t\t\t\t<\/div>\n\t\t\t\t<\/div>\n\t\t\t\t\t\t<\/div>\n\t\t\t\t\t<\/div>\n\t\t<\/div>\n\t\t\t\t\t\t\t\t<\/div>\n\t\t\t\t\t<\/div>\n\t\t<\/section>\n\t\t\t\t\t\t\t\t\t<\/div>\n\t\t\t<\/div>\n\t\t\t\t\t<\/div>\n\t\t","protected":false},"excerpt":{"rendered":"<div class=\"slide-text-bg2\"><span>La Traite Rotative R\u00e9volution La traite arri\u00e8re dans un roto pour traite ext\u00e9rieure de 32 \u00e0 80 places.\u00a0 Voir le produit Mercury Votre outil le plus pr<\/span><\/div>\n<div class=\"slide-btn-area-sm\"><a href=\"https:\/\/macoba.fr\/index.php\/rotative\/\" class=\"slide-btn-sm\">Read More<\/a><\/div>\n","protected":false},"author":1,"featured_media":0,"parent":0,"menu_order":0,"comment_status":"closed","ping_status":"closed","template":"fullwidth.php","meta":[],"yoast_head":"<!-- This site is optimized with the Yoast SEO plugin v18.4.1 - https:\/\/yoast.com\/wordpress\/plugins\/seo\/ -->\n<title>Traite Rotative - Mat\u00e9riel de traite - SARL MACOBA - Pas de Calais<\/title>\n<meta name=\"description\" content=\"Salles de traite rotatives Fullwood Packo. Roto de traite. Traite rotative R\u00e9volution, traite rotative Mercury, traite rotative H\u00e9lios. SARL MACOBA Hesmond.\" \/>\n<meta name=\"robots\" content=\"index, follow, max-snippet:-1, max-image-preview:large, max-video-preview:-1\" \/>\n<link rel=\"canonical\" href=\"https:\/\/macoba.fr\/index.php\/rotative\/\" \/>\n<meta property=\"og:locale\" content=\"en_US\" \/>\n<meta property=\"og:type\" content=\"article\" \/>\n<meta property=\"og:title\" content=\"Traite Rotative - Mat\u00e9riel de traite - SARL MACOBA - Pas de Calais\" \/>\n<meta property=\"og:description\" content=\"Salles de traite rotatives Fullwood Packo. Roto de traite. Traite rotative R\u00e9volution, traite rotative Mercury, traite rotative H\u00e9lios. SARL MACOBA Hesmond.\" \/>\n<meta property=\"og:url\" content=\"https:\/\/macoba.fr\/index.php\/rotative\/\" \/>\n<meta property=\"og:site_name\" content=\"SARL MACOBA\" \/>\n<meta property=\"article:modified_time\" content=\"2019-10-07T09:37:42+00:00\" \/>\n<meta property=\"og:image\" content=\"http:\/\/macoba.fr\/wp-content\/uploads\/2019\/10\/Steele-Oct-2012-8.jpg\" \/>\n<meta name=\"twitter:card\" content=\"summary_large_image\" \/>\n<meta name=\"twitter:label1\" content=\"Est. reading time\" \/>\n\t<meta name=\"twitter:data1\" content=\"1 minute\" \/>\n<script type=\"application\/ld+json\" class=\"yoast-schema-graph\">{\"@context\":\"https:\/\/schema.org\",\"@graph\":[{\"@type\":\"WebSite\",\"@id\":\"http:\/\/macoba.fr\/#website\",\"url\":\"http:\/\/macoba.fr\/\",\"name\":\"SARL MACOBA\",\"description\":\"\",\"potentialAction\":[{\"@type\":\"SearchAction\",\"target\":{\"@type\":\"EntryPoint\",\"urlTemplate\":\"http:\/\/macoba.fr\/?s={search_term_string}\"},\"query-input\":\"required name=search_term_string\"}],\"inLanguage\":\"en-US\"},{\"@type\":\"ImageObject\",\"@id\":\"https:\/\/macoba.fr\/index.php\/rotative\/#primaryimage\",\"inLanguage\":\"en-US\",\"url\":\"https:\/\/macoba.fr\/wp-content\/uploads\/2019\/10\/Steele-Oct-2012-8.jpg\",\"contentUrl\":\"https:\/\/macoba.fr\/wp-content\/uploads\/2019\/10\/Steele-Oct-2012-8.jpg\",\"width\":4416,\"height\":3312,\"caption\":\"salle de traite rotative, roto de traite, salle de traite, machine a traire, mat\u00e9riel de traite, mat\u00e9riel agricole\"},{\"@type\":\"WebPage\",\"@id\":\"https:\/\/macoba.fr\/index.php\/rotative\/#webpage\",\"url\":\"https:\/\/macoba.fr\/index.php\/rotative\/\",\"name\":\"Traite Rotative - Mat\u00e9riel de traite - SARL MACOBA - Pas de Calais\",\"isPartOf\":{\"@id\":\"http:\/\/macoba.fr\/#website\"},\"primaryImageOfPage\":{\"@id\":\"https:\/\/macoba.fr\/index.php\/rotative\/#primaryimage\"},\"datePublished\":\"2019-08-21T08:34:03+00:00\",\"dateModified\":\"2019-10-07T09:37:42+00:00\",\"description\":\"Salles de traite rotatives Fullwood Packo. Roto de traite. Traite rotative R\u00e9volution, traite rotative Mercury, traite rotative H\u00e9lios. SARL MACOBA Hesmond.\",\"breadcrumb\":{\"@id\":\"https:\/\/macoba.fr\/index.php\/rotative\/#breadcrumb\"},\"inLanguage\":\"en-US\",\"potentialAction\":[{\"@type\":\"ReadAction\",\"target\":[\"https:\/\/macoba.fr\/index.php\/rotative\/\"]}]},{\"@type\":\"BreadcrumbList\",\"@id\":\"https:\/\/macoba.fr\/index.php\/rotative\/#breadcrumb\",\"itemListElement\":[{\"@type\":\"ListItem\",\"position\":1,\"name\":\"Accueil\",\"item\":\"http:\/\/macoba.fr\/\"},{\"@type\":\"ListItem\",\"position\":2,\"name\":\"Rotative\"}]}]}<\/script>\n<!-- \/ Yoast SEO plugin. -->","yoast_head_json":{"title":"Traite Rotative - Mat\u00e9riel de traite - SARL MACOBA - Pas de Calais","description":"Salles de traite rotatives Fullwood Packo. Roto de traite. Traite rotative R\u00e9volution, traite rotative Mercury, traite rotative H\u00e9lios. SARL MACOBA Hesmond.","robots":{"index":"index","follow":"follow","max-snippet":"max-snippet:-1","max-image-preview":"max-image-preview:large","max-video-preview":"max-video-preview:-1"},"canonical":"https:\/\/macoba.fr\/index.php\/rotative\/","og_locale":"en_US","og_type":"article","og_title":"Traite Rotative - Mat\u00e9riel de traite - SARL MACOBA - Pas de Calais","og_description":"Salles de traite rotatives Fullwood Packo. Roto de traite. Traite rotative R\u00e9volution, traite rotative Mercury, traite rotative H\u00e9lios. SARL MACOBA Hesmond.","og_url":"https:\/\/macoba.fr\/index.php\/rotative\/","og_site_name":"SARL MACOBA","article_modified_time":"2019-10-07T09:37:42+00:00","og_image":[{"url":"http:\/\/macoba.fr\/wp-content\/uploads\/2019\/10\/Steele-Oct-2012-8.jpg"}],"twitter_card":"summary_large_image","twitter_misc":{"Est. reading time":"1 minute"},"schema":{"@context":"https:\/\/schema.org","@graph":[{"@type":"WebSite","@id":"http:\/\/macoba.fr\/#website","url":"http:\/\/macoba.fr\/","name":"SARL MACOBA","description":"","potentialAction":[{"@type":"SearchAction","target":{"@type":"EntryPoint","urlTemplate":"http:\/\/macoba.fr\/?s={search_term_string}"},"query-input":"required name=search_term_string"}],"inLanguage":"en-US"},{"@type":"ImageObject","@id":"https:\/\/macoba.fr\/index.php\/rotative\/#primaryimage","inLanguage":"en-US","url":"https:\/\/macoba.fr\/wp-content\/uploads\/2019\/10\/Steele-Oct-2012-8.jpg","contentUrl":"https:\/\/macoba.fr\/wp-content\/uploads\/2019\/10\/Steele-Oct-2012-8.jpg","width":4416,"height":3312,"caption":"salle de traite rotative, roto de traite, salle de traite, machine a traire, mat\u00e9riel de traite, mat\u00e9riel agricole"},{"@type":"WebPage","@id":"https:\/\/macoba.fr\/index.php\/rotative\/#webpage","url":"https:\/\/macoba.fr\/index.php\/rotative\/","name":"Traite Rotative - Mat\u00e9riel de traite - SARL MACOBA - Pas de Calais","isPartOf":{"@id":"http:\/\/macoba.fr\/#website"},"primaryImageOfPage":{"@id":"https:\/\/macoba.fr\/index.php\/rotative\/#primaryimage"},"datePublished":"2019-08-21T08:34:03+00:00","dateModified":"2019-10-07T09:37:42+00:00","description":"Salles de traite rotatives Fullwood Packo. Roto de traite. Traite rotative R\u00e9volution, traite rotative Mercury, traite rotative H\u00e9lios. SARL MACOBA Hesmond.","breadcrumb":{"@id":"https:\/\/macoba.fr\/index.php\/rotative\/#breadcrumb"},"inLanguage":"en-US","potentialAction":[{"@type":"ReadAction","target":["https:\/\/macoba.fr\/index.php\/rotative\/"]}]},{"@type":"BreadcrumbList","@id":"https:\/\/macoba.fr\/index.php\/rotative\/#breadcrumb","itemListElement":[{"@type":"ListItem","position":1,"name":"Accueil","item":"http:\/\/macoba.fr\/"},{"@type":"ListItem","position":2,"name":"Rotative"}]}]}},"_links":{"self":[{"href":"https:\/\/macoba.fr\/index.php\/wp-json\/wp\/v2\/pages\/49"}],"collection":[{"href":"https:\/\/macoba.fr\/index.php\/wp-json\/wp\/v2\/pages"}],"about":[{"href":"https:\/\/macoba.fr\/index.php\/wp-json\/wp\/v2\/types\/page"}],"author":[{"embeddable":true,"href":"https:\/\/macoba.fr\/index.php\/wp-json\/wp\/v2\/users\/1"}],"replies":[{"embeddable":true,"href":"https:\/\/macoba.fr\/index.php\/wp-json\/wp\/v2\/comments?post=49"}],"version-history":[{"count":6,"href":"https:\/\/macoba.fr\/index.php\/wp-json\/wp\/v2\/pages\/49\/revisions"}],"predecessor-version":[{"id":976,"href":"https:\/\/macoba.fr\/index.php\/wp-json\/wp\/v2\/pages\/49\/revisions\/976"}],"wp:attachment":[{"href":"https:\/\/macoba.fr\/index.php\/wp-json\/wp\/v2\/media?parent=49"}],"curies":[{"name":"wp","href":"https:\/\/api.w.org\/{rel}","templated":true}]}}