{"id":137,"date":"2019-08-21T10:49:26","date_gmt":"2019-08-21T08:49:26","guid":{"rendered":"http:\/\/macoba.fr\/?page_id=137"},"modified":"2019-10-25T13:55:52","modified_gmt":"2019-10-25T11:55:52","slug":"decrochage-automatique","status":"publish","type":"page","link":"https:\/\/macoba.fr\/index.php\/decrochage-automatique\/","title":{"rendered":"D\u00e9crochage automatique"},"content":{"rendered":"\t\t<div data-elementor-type=\"wp-post\" data-elementor-id=\"137\" class=\"elementor elementor-137\">\n\t\t\t\t\t\t<div class=\"elementor-inner\">\n\t\t\t\t<div class=\"elementor-section-wrap\">\n\t\t\t\t\t\t\t\t\t<section class=\"elementor-section elementor-top-section elementor-element elementor-element-6f158989 elementor-section-content-middle elementor-section-boxed elementor-section-height-default elementor-section-height-default\" data-id=\"6f158989\" data-element_type=\"section\" data-settings=\"{&quot;background_background&quot;:&quot;classic&quot;,&quot;shape_divider_top&quot;:&quot;curve&quot;,&quot;shape_divider_bottom&quot;:&quot;curve&quot;}\">\n\t\t\t\t\t<div class=\"elementor-shape elementor-shape-top\" data-negative=\"false\">\n\t\t\t<svg xmlns=\"http:\/\/www.w3.org\/2000\/svg\" viewBox=\"0 0 1000 100\" preserveAspectRatio=\"none\">\n    <path class=\"elementor-shape-fill\" d=\"M1000,4.3V0H0v4.3C0.9,23.1,126.7,99.2,500,100S1000,22.7,1000,4.3z\"\/>\n<\/svg>\t\t<\/div>\n\t\t\t\t<div class=\"elementor-shape elementor-shape-bottom\" data-negative=\"false\">\n\t\t\t<svg xmlns=\"http:\/\/www.w3.org\/2000\/svg\" viewBox=\"0 0 1000 100\" preserveAspectRatio=\"none\">\n    <path class=\"elementor-shape-fill\" d=\"M1000,4.3V0H0v4.3C0.9,23.1,126.7,99.2,500,100S1000,22.7,1000,4.3z\"\/>\n<\/svg>\t\t<\/div>\n\t\t\t\t\t<div class=\"elementor-container elementor-column-gap-default\">\n\t\t\t\t\t\t\t<div class=\"elementor-row\">\n\t\t\t\t\t<div class=\"elementor-column elementor-col-50 elementor-top-column elementor-element elementor-element-3cba6ad5\" data-id=\"3cba6ad5\" data-element_type=\"column\" data-settings=\"{&quot;background_background&quot;:&quot;none&quot;}\">\n\t\t\t<div class=\"elementor-column-wrap elementor-element-populated\">\n\t\t\t\t\t\t\t<div class=\"elementor-widget-wrap\">\n\t\t\t\t\t\t<div class=\"elementor-element elementor-element-40a49b13 elementor-widget elementor-widget-heading\" data-id=\"40a49b13\" data-element_type=\"widget\" data-widget_type=\"heading.default\">\n\t\t\t\t<div class=\"elementor-widget-container\">\n\t\t\t<h2 class=\"elementor-heading-title elementor-size-default\">D\u00e9crochage automatique<\/h2>\t\t<\/div>\n\t\t\t\t<\/div>\n\t\t\t\t<div class=\"elementor-element elementor-element-145efb2f elementor-widget elementor-widget-spacer\" data-id=\"145efb2f\" data-element_type=\"widget\" data-widget_type=\"spacer.default\">\n\t\t\t\t<div class=\"elementor-widget-container\">\n\t\t\t\t\t<div class=\"elementor-spacer\">\n\t\t\t<div class=\"elementor-spacer-inner\"><\/div>\n\t\t<\/div>\n\t\t\t\t<\/div>\n\t\t\t\t<\/div>\n\t\t\t\t\t\t<\/div>\n\t\t\t\t\t<\/div>\n\t\t<\/div>\n\t\t\t\t<div class=\"elementor-column elementor-col-50 elementor-top-column elementor-element elementor-element-71ade820\" data-id=\"71ade820\" data-element_type=\"column\">\n\t\t\t<div class=\"elementor-column-wrap elementor-element-populated\">\n\t\t\t\t\t\t\t<div class=\"elementor-widget-wrap\">\n\t\t\t\t\t\t<div class=\"elementor-element elementor-element-1b40b867 elementor-widget elementor-widget-image\" data-id=\"1b40b867\" data-element_type=\"widget\" data-widget_type=\"image.default\">\n\t\t\t\t<div class=\"elementor-widget-container\">\n\t\t\t\t\t\t\t\t<div class=\"elementor-image\">\n\t\t\t\t\t\t\t\t\t\t\t\t<img width=\"768\" height=\"1024\" src=\"https:\/\/macoba.fr\/wp-content\/uploads\/2019\/10\/decrochage-automatique-flowsense-768x1024.png\" class=\"attachment-large size-large\" alt=\"\" loading=\"lazy\" srcset=\"https:\/\/macoba.fr\/wp-content\/uploads\/2019\/10\/decrochage-automatique-flowsense-768x1024.png 768w, https:\/\/macoba.fr\/wp-content\/uploads\/2019\/10\/decrochage-automatique-flowsense-225x300.png 225w\" sizes=\"(max-width: 768px) 100vw, 768px\" \/>\t\t\t\t\t\t\t\t\t\t\t\t\t\t<\/div>\n\t\t\t\t\t\t<\/div>\n\t\t\t\t<\/div>\n\t\t\t\t\t\t<\/div>\n\t\t\t\t\t<\/div>\n\t\t<\/div>\n\t\t\t\t\t\t\t\t<\/div>\n\t\t\t\t\t<\/div>\n\t\t<\/section>\n\t\t\t\t<section class=\"elementor-section elementor-top-section elementor-element elementor-element-11f7c22 elementor-section-boxed elementor-section-height-default elementor-section-height-default\" data-id=\"11f7c22\" data-element_type=\"section\">\n\t\t\t\t\t\t<div class=\"elementor-container elementor-column-gap-default\">\n\t\t\t\t\t\t\t<div class=\"elementor-row\">\n\t\t\t\t\t<div class=\"elementor-column elementor-col-100 elementor-top-column elementor-element elementor-element-0bbf2b0\" data-id=\"0bbf2b0\" data-element_type=\"column\">\n\t\t\t<div class=\"elementor-column-wrap elementor-element-populated\">\n\t\t\t\t\t\t\t<div class=\"elementor-widget-wrap\">\n\t\t\t\t\t\t<div class=\"elementor-element elementor-element-c8a71ac elementor-widget elementor-widget-spacer\" data-id=\"c8a71ac\" data-element_type=\"widget\" data-widget_type=\"spacer.default\">\n\t\t\t\t<div class=\"elementor-widget-container\">\n\t\t\t\t\t<div class=\"elementor-spacer\">\n\t\t\t<div class=\"elementor-spacer-inner\"><\/div>\n\t\t<\/div>\n\t\t\t\t<\/div>\n\t\t\t\t<\/div>\n\t\t\t\t<div class=\"elementor-element elementor-element-d230ad9 elementor-widget elementor-widget-text-editor\" data-id=\"d230ad9\" data-element_type=\"widget\" data-widget_type=\"text-editor.default\">\n\t\t\t\t<div class=\"elementor-widget-container\">\n\t\t\t\t\t\t\t\t<div class=\"elementor-text-editor elementor-clearfix\">\n\t\t\t\t<blockquote><h4 style=\"text-align: center;\">&#8220;Le d\u00e9crochage automatique est une n\u00e9cessit\u00e9 \u00e9vidente. On peut ainsi \u00e9viter la surtraite et les risques de mammite. Fullwood Packo dispose de diff\u00e9rents syst\u00e8mes qui contr\u00f4lent le processus de traite et r\u00e9pondent tant aux besoins de l&#8217;animal qu&#8217;\u00e0 ceux du producteur laitier. R\u00e9sultat : une qualit\u00e9 optimale du lait.&#8221;<\/h4><\/blockquote>\t\t\t\t\t<\/div>\n\t\t\t\t\t\t<\/div>\n\t\t\t\t<\/div>\n\t\t\t\t\t\t<\/div>\n\t\t\t\t\t<\/div>\n\t\t<\/div>\n\t\t\t\t\t\t\t\t<\/div>\n\t\t\t\t\t<\/div>\n\t\t<\/section>\n\t\t\t\t<section class=\"elementor-section elementor-top-section elementor-element elementor-element-39a42f23 elementor-section-boxed elementor-section-height-default elementor-section-height-default\" data-id=\"39a42f23\" data-element_type=\"section\">\n\t\t\t\t\t\t<div class=\"elementor-container elementor-column-gap-default\">\n\t\t\t\t\t\t\t<div class=\"elementor-row\">\n\t\t\t\t\t<div class=\"elementor-column elementor-col-50 elementor-top-column elementor-element elementor-element-322ef5e7\" data-id=\"322ef5e7\" data-element_type=\"column\">\n\t\t\t<div class=\"elementor-column-wrap elementor-element-populated\">\n\t\t\t\t\t\t\t<div class=\"elementor-widget-wrap\">\n\t\t\t\t\t\t<div class=\"elementor-element elementor-element-36c19d86 elementor-widget elementor-widget-heading\" data-id=\"36c19d86\" data-element_type=\"widget\" data-widget_type=\"heading.default\">\n\t\t\t\t<div class=\"elementor-widget-container\">\n\t\t\t<h1 class=\"elementor-heading-title elementor-size-default\">Flowsense<\/h1>\t\t<\/div>\n\t\t\t\t<\/div>\n\t\t\t\t<div class=\"elementor-element elementor-element-73b8847e elementor-widget elementor-widget-image\" data-id=\"73b8847e\" data-element_type=\"widget\" data-widget_type=\"image.default\">\n\t\t\t\t<div class=\"elementor-widget-container\">\n\t\t\t\t\t\t\t\t<div class=\"elementor-image\">\n\t\t\t\t\t\t\t\t\t\t\t\t<img width=\"225\" height=\"300\" src=\"https:\/\/macoba.fr\/wp-content\/uploads\/2019\/10\/decrochage-automatique-flowsense-1-225x300.png\" class=\"attachment-medium size-medium\" alt=\"\" loading=\"lazy\" srcset=\"https:\/\/macoba.fr\/wp-content\/uploads\/2019\/10\/decrochage-automatique-flowsense-1-225x300.png 225w, https:\/\/macoba.fr\/wp-content\/uploads\/2019\/10\/decrochage-automatique-flowsense-1-768x1024.png 768w\" sizes=\"(max-width: 225px) 100vw, 225px\" \/>\t\t\t\t\t\t\t\t\t\t\t\t\t\t<\/div>\n\t\t\t\t\t\t<\/div>\n\t\t\t\t<\/div>\n\t\t\t\t<div class=\"elementor-element elementor-element-91056e4 elementor-view-default elementor-mobile-position-top elementor-vertical-align-top elementor-widget elementor-widget-icon-box\" data-id=\"91056e4\" data-element_type=\"widget\" data-widget_type=\"icon-box.default\">\n\t\t\t\t<div class=\"elementor-widget-container\">\n\t\t\t\t\t<div class=\"elementor-icon-box-wrapper\">\n\t\t\t\t\t\t<div class=\"elementor-icon-box-icon\">\n\t\t\t\t<a class=\"elementor-icon elementor-animation-\" href=\"http:\/\/macoba.fr\/wp-content\/uploads\/2019\/10\/Brochure-d\u00e9crochage-automatique-Flowsense.pdf\">\n\t\t\t\t<i aria-hidden=\"true\" class=\"far fa-file-pdf\"><\/i>\t\t\t\t<\/a>\n\t\t\t<\/div>\n\t\t\t\t\t\t<div class=\"elementor-icon-box-content\">\n\t\t\t\t<h3 class=\"elementor-icon-box-title\">\n\t\t\t\t\t<a href=\"http:\/\/macoba.fr\/wp-content\/uploads\/2019\/10\/Brochure-d\u00e9crochage-automatique-Flowsense.pdf\" >\n\t\t\t\t\t\tT\u00e9l\u00e9charger la fiche technique\t\t\t\t\t<\/a>\n\t\t\t\t<\/h3>\n\t\t\t\t\t\t\t<\/div>\n\t\t<\/div>\n\t\t\t\t<\/div>\n\t\t\t\t<\/div>\n\t\t\t\t\t\t<\/div>\n\t\t\t\t\t<\/div>\n\t\t<\/div>\n\t\t\t\t<div class=\"elementor-column elementor-col-50 elementor-top-column elementor-element elementor-element-514269ec\" data-id=\"514269ec\" data-element_type=\"column\">\n\t\t\t<div class=\"elementor-column-wrap elementor-element-populated\">\n\t\t\t\t\t\t\t<div class=\"elementor-widget-wrap\">\n\t\t\t\t\t\t<div class=\"elementor-element elementor-element-de22339 elementor-widget elementor-widget-spacer\" data-id=\"de22339\" data-element_type=\"widget\" data-widget_type=\"spacer.default\">\n\t\t\t\t<div class=\"elementor-widget-container\">\n\t\t\t\t\t<div class=\"elementor-spacer\">\n\t\t\t<div class=\"elementor-spacer-inner\"><\/div>\n\t\t<\/div>\n\t\t\t\t<\/div>\n\t\t\t\t<\/div>\n\t\t\t\t<div class=\"elementor-element elementor-element-b3579e6 elementor-widget elementor-widget-text-editor\" data-id=\"b3579e6\" data-element_type=\"widget\" data-widget_type=\"text-editor.default\">\n\t\t\t\t<div class=\"elementor-widget-container\">\n\t\t\t\t\t\t\t\t<div class=\"elementor-text-editor elementor-clearfix\">\n\t\t\t\t<p>Con\u00e7u pour <b>r\u00e9pondre aux besoins de l&#8217;animal et du trayeur<\/b>, Flowsense doit permettre la<b> meilleure qualit\u00e9 de lait<\/b>. Convivial, facile d&#8217;entretien, il peut \u00eatre install\u00e9 dans<b> tous types de salles de traite<\/b>. Flowsense contr\u00f4le les fonctions essentielles telles que la pulsation et le d\u00e9crochage automatique selon le d\u00e9bit pr\u00e9cis et exact du lait. Ainsi, la &#8220;sur-traite&#8221; est \u00e9vit\u00e9e et les risques sanitaires sur la mamelle sont minimis\u00e9s.<\/p><p>En cas de chute accidentelle de la griffe, le vide est coup\u00e9 et le faisceau est relev\u00e9 aussit\u00f4t afin de pr\u00e9venir toute entr\u00e9e de salet\u00e9s dans la conduite \u00e0 lait.\u00a0<\/p><p>L&#8217;\u00e9cran et les voyants indiquent : \u00e9tape de traite, niveau de d\u00e9bit, temps de traite et fournissent une information pr\u00e9coce en cas de mauvaise traite.\u00a0<\/p>\t\t\t\t\t<\/div>\n\t\t\t\t\t\t<\/div>\n\t\t\t\t<\/div>\n\t\t\t\t\t\t<\/div>\n\t\t\t\t\t<\/div>\n\t\t<\/div>\n\t\t\t\t\t\t\t\t<\/div>\n\t\t\t\t\t<\/div>\n\t\t<\/section>\n\t\t\t\t<section class=\"elementor-section elementor-top-section elementor-element elementor-element-c869fcc elementor-section-boxed elementor-section-height-default elementor-section-height-default\" data-id=\"c869fcc\" data-element_type=\"section\" data-settings=\"{&quot;background_background&quot;:&quot;classic&quot;,&quot;shape_divider_top&quot;:&quot;curve&quot;,&quot;shape_divider_top_negative&quot;:&quot;yes&quot;}\">\n\t\t\t\t\t\t\t<div class=\"elementor-background-overlay\"><\/div>\n\t\t\t\t\t\t<div class=\"elementor-shape elementor-shape-top\" data-negative=\"true\">\n\t\t\t<svg xmlns=\"http:\/\/www.w3.org\/2000\/svg\" viewBox=\"0 0 1000 100\" preserveAspectRatio=\"none\">\n\t<path class=\"elementor-shape-fill\" d=\"M500,97C126.7,96.3,0.8,19.8,0,0v100l1000,0V1C1000,19.4,873.3,97.8,500,97z\"\/>\n<\/svg>\t\t<\/div>\n\t\t\t\t\t<div class=\"elementor-container elementor-column-gap-default\">\n\t\t\t\t\t\t\t<div class=\"elementor-row\">\n\t\t\t\t\t<div class=\"elementor-column elementor-col-100 elementor-top-column elementor-element elementor-element-2fd2fd9\" data-id=\"2fd2fd9\" data-element_type=\"column\">\n\t\t\t<div class=\"elementor-column-wrap elementor-element-populated\">\n\t\t\t\t\t\t\t<div class=\"elementor-widget-wrap\">\n\t\t\t\t\t\t<div class=\"elementor-element elementor-element-bbb04e7 elementor-widget elementor-widget-spacer\" data-id=\"bbb04e7\" data-element_type=\"widget\" data-widget_type=\"spacer.default\">\n\t\t\t\t<div class=\"elementor-widget-container\">\n\t\t\t\t\t<div class=\"elementor-spacer\">\n\t\t\t<div class=\"elementor-spacer-inner\"><\/div>\n\t\t<\/div>\n\t\t\t\t<\/div>\n\t\t\t\t<\/div>\n\t\t\t\t\t\t<\/div>\n\t\t\t\t\t<\/div>\n\t\t<\/div>\n\t\t\t\t\t\t\t\t<\/div>\n\t\t\t\t\t<\/div>\n\t\t<\/section>\n\t\t\t\t<section class=\"elementor-section elementor-top-section elementor-element elementor-element-75a6ef86 elementor-section-height-min-height elementor-section-content-top elementor-section-boxed elementor-section-height-default elementor-section-items-middle\" data-id=\"75a6ef86\" data-element_type=\"section\" data-settings=\"{&quot;background_background&quot;:&quot;classic&quot;}\">\n\t\t\t\t\t\t<div class=\"elementor-container elementor-column-gap-default\">\n\t\t\t\t\t\t\t<div class=\"elementor-row\">\n\t\t\t\t\t<div class=\"elementor-column elementor-col-33 elementor-top-column elementor-element elementor-element-7289e95a\" data-id=\"7289e95a\" data-element_type=\"column\">\n\t\t\t<div class=\"elementor-column-wrap elementor-element-populated\">\n\t\t\t\t\t\t\t<div class=\"elementor-widget-wrap\">\n\t\t\t\t\t\t<div class=\"elementor-element elementor-element-1f6ec4ec elementor-view-default elementor-widget elementor-widget-icon\" data-id=\"1f6ec4ec\" data-element_type=\"widget\" data-widget_type=\"icon.default\">\n\t\t\t\t<div class=\"elementor-widget-container\">\n\t\t\t\t\t<div class=\"elementor-icon-wrapper\">\n\t\t\t<div class=\"elementor-icon\">\n\t\t\t<i aria-hidden=\"true\" class=\"far fa-check-circle\"><\/i>\t\t\t<\/div>\n\t\t<\/div>\n\t\t\t\t<\/div>\n\t\t\t\t<\/div>\n\t\t\t\t<div class=\"elementor-element elementor-element-5bc52f49 elementor-position-top elementor-vertical-align-top elementor-widget elementor-widget-image-box\" data-id=\"5bc52f49\" data-element_type=\"widget\" data-widget_type=\"image-box.default\">\n\t\t\t\t<div class=\"elementor-widget-container\">\n\t\t\t<div class=\"elementor-image-box-wrapper\"><div class=\"elementor-image-box-content\"><h2 class=\"elementor-image-box-title\">SAvoir-Faire<\/h2><p class=\"elementor-image-box-description\">Depuis 2 g\u00e9n\u00e9rations, sp\u00e9cialiste en refroidissement et en machine \u00e0 traire. <\/p><\/div><\/div>\t\t<\/div>\n\t\t\t\t<\/div>\n\t\t\t\t\t\t<\/div>\n\t\t\t\t\t<\/div>\n\t\t<\/div>\n\t\t\t\t<div class=\"elementor-column elementor-col-33 elementor-top-column elementor-element elementor-element-297fcdea\" data-id=\"297fcdea\" data-element_type=\"column\">\n\t\t\t<div class=\"elementor-column-wrap elementor-element-populated\">\n\t\t\t\t\t\t\t<div class=\"elementor-widget-wrap\">\n\t\t\t\t\t\t<div class=\"elementor-element elementor-element-6cd2a2e1 elementor-view-default elementor-widget elementor-widget-icon\" data-id=\"6cd2a2e1\" data-element_type=\"widget\" data-widget_type=\"icon.default\">\n\t\t\t\t<div class=\"elementor-widget-container\">\n\t\t\t\t\t<div class=\"elementor-icon-wrapper\">\n\t\t\t<div class=\"elementor-icon\">\n\t\t\t<i aria-hidden=\"true\" class=\"far fa-edit\"><\/i>\t\t\t<\/div>\n\t\t<\/div>\n\t\t\t\t<\/div>\n\t\t\t\t<\/div>\n\t\t\t\t<div class=\"elementor-element elementor-element-1f3291c6 elementor-position-top elementor-vertical-align-top elementor-widget elementor-widget-image-box\" data-id=\"1f3291c6\" data-element_type=\"widget\" data-widget_type=\"image-box.default\">\n\t\t\t\t<div class=\"elementor-widget-container\">\n\t\t\t<div class=\"elementor-image-box-wrapper\"><div class=\"elementor-image-box-content\"><h2 class=\"elementor-image-box-title\">ecrivez-nous<\/h2><p class=\"elementor-image-box-description\">sarl.macoba@orange.fr<\/p><\/div><\/div>\t\t<\/div>\n\t\t\t\t<\/div>\n\t\t\t\t\t\t<\/div>\n\t\t\t\t\t<\/div>\n\t\t<\/div>\n\t\t\t\t<div class=\"elementor-column elementor-col-33 elementor-top-column elementor-element elementor-element-5b58d368\" data-id=\"5b58d368\" data-element_type=\"column\">\n\t\t\t<div class=\"elementor-column-wrap elementor-element-populated\">\n\t\t\t\t\t\t\t<div class=\"elementor-widget-wrap\">\n\t\t\t\t\t\t<div class=\"elementor-element elementor-element-7d03af8e elementor-view-default elementor-widget elementor-widget-icon\" data-id=\"7d03af8e\" data-element_type=\"widget\" data-widget_type=\"icon.default\">\n\t\t\t\t<div class=\"elementor-widget-container\">\n\t\t\t\t\t<div class=\"elementor-icon-wrapper\">\n\t\t\t<div class=\"elementor-icon\">\n\t\t\t<i aria-hidden=\"true\" class=\"fas fa-phone-alt\"><\/i>\t\t\t<\/div>\n\t\t<\/div>\n\t\t\t\t<\/div>\n\t\t\t\t<\/div>\n\t\t\t\t<div class=\"elementor-element elementor-element-3b0f7463 elementor-position-top elementor-vertical-align-top elementor-widget elementor-widget-image-box\" data-id=\"3b0f7463\" data-element_type=\"widget\" data-widget_type=\"image-box.default\">\n\t\t\t\t<div class=\"elementor-widget-container\">\n\t\t\t<div class=\"elementor-image-box-wrapper\"><div class=\"elementor-image-box-content\"><h2 class=\"elementor-image-box-title\">Contactez-nous<\/h2><p class=\"elementor-image-box-description\">03.21.86.40.09<\/p><\/div><\/div>\t\t<\/div>\n\t\t\t\t<\/div>\n\t\t\t\t\t\t<\/div>\n\t\t\t\t\t<\/div>\n\t\t<\/div>\n\t\t\t\t\t\t\t\t<\/div>\n\t\t\t\t\t<\/div>\n\t\t<\/section>\n\t\t\t\t\t\t\t\t\t<\/div>\n\t\t\t<\/div>\n\t\t\t\t\t<\/div>\n\t\t","protected":false},"excerpt":{"rendered":"<div class=\"slide-text-bg2\"><span>D\u00e9crochage automatique &#8220;Le d\u00e9crochage automatique est une n\u00e9cessit\u00e9 \u00e9vidente. On peut ainsi \u00e9viter la surtraite et les risques de mammite. Full<\/span><\/div>\n<div class=\"slide-btn-area-sm\"><a href=\"https:\/\/macoba.fr\/index.php\/decrochage-automatique\/\" class=\"slide-btn-sm\">Read More<\/a><\/div>\n","protected":false},"author":1,"featured_media":0,"parent":0,"menu_order":0,"comment_status":"closed","ping_status":"closed","template":"fullwidth.php","meta":[],"yoast_head":"<!-- This site is optimized with the Yoast SEO plugin v18.4.1 - https:\/\/yoast.com\/wordpress\/plugins\/seo\/ -->\n<title>D\u00e9crochage automatique - Mat\u00e9riel de traite - SARL MACOBA - Hesmond<\/title>\n<meta name=\"description\" content=\"D\u00e9crochage automatique pour vos salles de traite, machine \u00e0 traire. Mat\u00e9riel et \u00e9quipements de traite. Votre concesionnaire en salle de traite SARL MACOBA.\" \/>\n<meta name=\"robots\" content=\"index, follow, max-snippet:-1, max-image-preview:large, max-video-preview:-1\" \/>\n<link rel=\"canonical\" href=\"https:\/\/macoba.fr\/index.php\/decrochage-automatique\/\" \/>\n<meta property=\"og:locale\" content=\"en_US\" \/>\n<meta property=\"og:type\" content=\"article\" \/>\n<meta property=\"og:title\" content=\"D\u00e9crochage automatique - Mat\u00e9riel de traite - SARL MACOBA - Hesmond\" \/>\n<meta property=\"og:description\" content=\"D\u00e9crochage automatique pour vos salles de traite, machine \u00e0 traire. Mat\u00e9riel et \u00e9quipements de traite. Votre concesionnaire en salle de traite SARL MACOBA.\" \/>\n<meta property=\"og:url\" content=\"https:\/\/macoba.fr\/index.php\/decrochage-automatique\/\" \/>\n<meta property=\"og:site_name\" content=\"SARL MACOBA\" \/>\n<meta property=\"article:modified_time\" content=\"2019-10-25T11:55:52+00:00\" \/>\n<meta property=\"og:image\" content=\"http:\/\/macoba.fr\/wp-content\/uploads\/2019\/10\/decrochage-automatique-flowsense-768x1024.png\" \/>\n<meta name=\"twitter:card\" content=\"summary_large_image\" \/>\n<meta name=\"twitter:label1\" content=\"Est. reading time\" \/>\n\t<meta name=\"twitter:data1\" content=\"1 minute\" \/>\n<script type=\"application\/ld+json\" class=\"yoast-schema-graph\">{\"@context\":\"https:\/\/schema.org\",\"@graph\":[{\"@type\":\"WebSite\",\"@id\":\"http:\/\/macoba.fr\/#website\",\"url\":\"http:\/\/macoba.fr\/\",\"name\":\"SARL MACOBA\",\"description\":\"\",\"potentialAction\":[{\"@type\":\"SearchAction\",\"target\":{\"@type\":\"EntryPoint\",\"urlTemplate\":\"http:\/\/macoba.fr\/?s={search_term_string}\"},\"query-input\":\"required name=search_term_string\"}],\"inLanguage\":\"en-US\"},{\"@type\":\"ImageObject\",\"@id\":\"https:\/\/macoba.fr\/index.php\/decrochage-automatique\/#primaryimage\",\"inLanguage\":\"en-US\",\"url\":\"https:\/\/macoba.fr\/wp-content\/uploads\/2019\/10\/decrochage-automatique-flowsense.png\",\"contentUrl\":\"https:\/\/macoba.fr\/wp-content\/uploads\/2019\/10\/decrochage-automatique-flowsense.png\",\"width\":3024,\"height\":4032,\"caption\":\"decrochage automatique flowsense fullwood packo sarl macoba\"},{\"@type\":\"WebPage\",\"@id\":\"https:\/\/macoba.fr\/index.php\/decrochage-automatique\/#webpage\",\"url\":\"https:\/\/macoba.fr\/index.php\/decrochage-automatique\/\",\"name\":\"D\u00e9crochage automatique - Mat\u00e9riel de traite - SARL MACOBA - Hesmond\",\"isPartOf\":{\"@id\":\"http:\/\/macoba.fr\/#website\"},\"primaryImageOfPage\":{\"@id\":\"https:\/\/macoba.fr\/index.php\/decrochage-automatique\/#primaryimage\"},\"datePublished\":\"2019-08-21T08:49:26+00:00\",\"dateModified\":\"2019-10-25T11:55:52+00:00\",\"description\":\"D\u00e9crochage automatique pour vos salles de traite, machine \u00e0 traire. Mat\u00e9riel et \u00e9quipements de traite. Votre concesionnaire en salle de traite SARL MACOBA.\",\"breadcrumb\":{\"@id\":\"https:\/\/macoba.fr\/index.php\/decrochage-automatique\/#breadcrumb\"},\"inLanguage\":\"en-US\",\"potentialAction\":[{\"@type\":\"ReadAction\",\"target\":[\"https:\/\/macoba.fr\/index.php\/decrochage-automatique\/\"]}]},{\"@type\":\"BreadcrumbList\",\"@id\":\"https:\/\/macoba.fr\/index.php\/decrochage-automatique\/#breadcrumb\",\"itemListElement\":[{\"@type\":\"ListItem\",\"position\":1,\"name\":\"Accueil\",\"item\":\"http:\/\/macoba.fr\/\"},{\"@type\":\"ListItem\",\"position\":2,\"name\":\"D\u00e9crochage automatique\"}]}]}<\/script>\n<!-- \/ Yoast SEO plugin. -->","yoast_head_json":{"title":"D\u00e9crochage automatique - Mat\u00e9riel de traite - SARL MACOBA - Hesmond","description":"D\u00e9crochage automatique pour vos salles de traite, machine \u00e0 traire. Mat\u00e9riel et \u00e9quipements de traite. Votre concesionnaire en salle de traite SARL MACOBA.","robots":{"index":"index","follow":"follow","max-snippet":"max-snippet:-1","max-image-preview":"max-image-preview:large","max-video-preview":"max-video-preview:-1"},"canonical":"https:\/\/macoba.fr\/index.php\/decrochage-automatique\/","og_locale":"en_US","og_type":"article","og_title":"D\u00e9crochage automatique - Mat\u00e9riel de traite - SARL MACOBA - Hesmond","og_description":"D\u00e9crochage automatique pour vos salles de traite, machine \u00e0 traire. Mat\u00e9riel et \u00e9quipements de traite. Votre concesionnaire en salle de traite SARL MACOBA.","og_url":"https:\/\/macoba.fr\/index.php\/decrochage-automatique\/","og_site_name":"SARL MACOBA","article_modified_time":"2019-10-25T11:55:52+00:00","og_image":[{"url":"http:\/\/macoba.fr\/wp-content\/uploads\/2019\/10\/decrochage-automatique-flowsense-768x1024.png"}],"twitter_card":"summary_large_image","twitter_misc":{"Est. reading time":"1 minute"},"schema":{"@context":"https:\/\/schema.org","@graph":[{"@type":"WebSite","@id":"http:\/\/macoba.fr\/#website","url":"http:\/\/macoba.fr\/","name":"SARL MACOBA","description":"","potentialAction":[{"@type":"SearchAction","target":{"@type":"EntryPoint","urlTemplate":"http:\/\/macoba.fr\/?s={search_term_string}"},"query-input":"required name=search_term_string"}],"inLanguage":"en-US"},{"@type":"ImageObject","@id":"https:\/\/macoba.fr\/index.php\/decrochage-automatique\/#primaryimage","inLanguage":"en-US","url":"https:\/\/macoba.fr\/wp-content\/uploads\/2019\/10\/decrochage-automatique-flowsense.png","contentUrl":"https:\/\/macoba.fr\/wp-content\/uploads\/2019\/10\/decrochage-automatique-flowsense.png","width":3024,"height":4032,"caption":"decrochage automatique flowsense fullwood packo sarl macoba"},{"@type":"WebPage","@id":"https:\/\/macoba.fr\/index.php\/decrochage-automatique\/#webpage","url":"https:\/\/macoba.fr\/index.php\/decrochage-automatique\/","name":"D\u00e9crochage automatique - Mat\u00e9riel de traite - SARL MACOBA - Hesmond","isPartOf":{"@id":"http:\/\/macoba.fr\/#website"},"primaryImageOfPage":{"@id":"https:\/\/macoba.fr\/index.php\/decrochage-automatique\/#primaryimage"},"datePublished":"2019-08-21T08:49:26+00:00","dateModified":"2019-10-25T11:55:52+00:00","description":"D\u00e9crochage automatique pour vos salles de traite, machine \u00e0 traire. Mat\u00e9riel et \u00e9quipements de traite. Votre concesionnaire en salle de traite SARL MACOBA.","breadcrumb":{"@id":"https:\/\/macoba.fr\/index.php\/decrochage-automatique\/#breadcrumb"},"inLanguage":"en-US","potentialAction":[{"@type":"ReadAction","target":["https:\/\/macoba.fr\/index.php\/decrochage-automatique\/"]}]},{"@type":"BreadcrumbList","@id":"https:\/\/macoba.fr\/index.php\/decrochage-automatique\/#breadcrumb","itemListElement":[{"@type":"ListItem","position":1,"name":"Accueil","item":"http:\/\/macoba.fr\/"},{"@type":"ListItem","position":2,"name":"D\u00e9crochage automatique"}]}]}},"_links":{"self":[{"href":"https:\/\/macoba.fr\/index.php\/wp-json\/wp\/v2\/pages\/137"}],"collection":[{"href":"https:\/\/macoba.fr\/index.php\/wp-json\/wp\/v2\/pages"}],"about":[{"href":"https:\/\/macoba.fr\/index.php\/wp-json\/wp\/v2\/types\/page"}],"author":[{"embeddable":true,"href":"https:\/\/macoba.fr\/index.php\/wp-json\/wp\/v2\/users\/1"}],"replies":[{"embeddable":true,"href":"https:\/\/macoba.fr\/index.php\/wp-json\/wp\/v2\/comments?post=137"}],"version-history":[{"count":6,"href":"https:\/\/macoba.fr\/index.php\/wp-json\/wp\/v2\/pages\/137\/revisions"}],"predecessor-version":[{"id":1267,"href":"https:\/\/macoba.fr\/index.php\/wp-json\/wp\/v2\/pages\/137\/revisions\/1267"}],"wp:attachment":[{"href":"https:\/\/macoba.fr\/index.php\/wp-json\/wp\/v2\/media?parent=137"}],"curies":[{"name":"wp","href":"https:\/\/api.w.org\/{rel}","templated":true}]}}