{"id":125,"date":"2019-08-21T10:44:08","date_gmt":"2019-08-21T08:44:08","guid":{"rendered":"http:\/\/macoba.fr\/?page_id=125"},"modified":"2019-11-13T14:03:17","modified_gmt":"2019-11-13T13:03:17","slug":"quick-s-90","status":"publish","type":"page","link":"https:\/\/macoba.fr\/index.php\/quick-s-90\/","title":{"rendered":"Quick-S-90"},"content":{"rendered":"\t\t<div data-elementor-type=\"wp-post\" data-elementor-id=\"125\" class=\"elementor elementor-125\">\n\t\t\t\t\t\t<div class=\"elementor-inner\">\n\t\t\t\t<div class=\"elementor-section-wrap\">\n\t\t\t\t\t\t\t\t\t<section class=\"elementor-section elementor-top-section elementor-element elementor-element-136e22b elementor-section-boxed elementor-section-height-default elementor-section-height-default\" data-id=\"136e22b\" data-element_type=\"section\">\n\t\t\t\t\t\t<div class=\"elementor-container elementor-column-gap-default\">\n\t\t\t\t\t\t\t<div class=\"elementor-row\">\n\t\t\t\t\t<div class=\"elementor-column elementor-col-100 elementor-top-column elementor-element elementor-element-ecab0b9\" data-id=\"ecab0b9\" data-element_type=\"column\">\n\t\t\t<div class=\"elementor-column-wrap elementor-element-populated\">\n\t\t\t\t\t\t\t<div class=\"elementor-widget-wrap\">\n\t\t\t\t\t\t<div class=\"elementor-element elementor-element-7c0d351 elementor-widget elementor-widget-heading\" data-id=\"7c0d351\" data-element_type=\"widget\" data-widget_type=\"heading.default\">\n\t\t\t\t<div class=\"elementor-widget-container\">\n\t\t\t<h3 class=\"elementor-heading-title elementor-size-default\">Les salles de traite c\u00f4te a c\u00f4te <br>fullwood qS-90<\/h3>\t\t<\/div>\n\t\t\t\t<\/div>\n\t\t\t\t\t\t<\/div>\n\t\t\t\t\t<\/div>\n\t\t<\/div>\n\t\t\t\t\t\t\t\t<\/div>\n\t\t\t\t\t<\/div>\n\t\t<\/section>\n\t\t\t\t<section class=\"elementor-section elementor-top-section elementor-element elementor-element-4aed7a5 elementor-section-boxed elementor-section-height-default elementor-section-height-default\" data-id=\"4aed7a5\" data-element_type=\"section\" data-settings=\"{&quot;background_background&quot;:&quot;classic&quot;}\">\n\t\t\t\t\t\t<div class=\"elementor-container elementor-column-gap-wide\">\n\t\t\t\t\t\t\t<div class=\"elementor-row\">\n\t\t\t\t\t<div class=\"elementor-column elementor-col-100 elementor-top-column elementor-element elementor-element-6619880\" data-id=\"6619880\" data-element_type=\"column\">\n\t\t\t<div class=\"elementor-column-wrap elementor-element-populated\">\n\t\t\t\t\t\t\t<div class=\"elementor-widget-wrap\">\n\t\t\t\t\t\t<section class=\"elementor-section elementor-inner-section elementor-element elementor-element-6bea7d3 elementor-section-boxed elementor-section-height-default elementor-section-height-default\" data-id=\"6bea7d3\" data-element_type=\"section\">\n\t\t\t\t\t\t<div class=\"elementor-container elementor-column-gap-default\">\n\t\t\t\t\t\t\t<div class=\"elementor-row\">\n\t\t\t\t\t<div class=\"elementor-column elementor-col-100 elementor-inner-column elementor-element elementor-element-af634dd\" data-id=\"af634dd\" data-element_type=\"column\">\n\t\t\t<div class=\"elementor-column-wrap elementor-element-populated\">\n\t\t\t\t\t\t\t<div class=\"elementor-widget-wrap\">\n\t\t\t\t\t\t<div class=\"elementor-element elementor-element-72a0796 elementor-widget elementor-widget-text-editor\" data-id=\"72a0796\" data-element_type=\"widget\" data-widget_type=\"text-editor.default\">\n\t\t\t\t<div class=\"elementor-widget-container\">\n\t\t\t\t\t\t\t\t<div class=\"elementor-text-editor elementor-clearfix\">\n\t\t\t\t<blockquote><p style=\"text-align: center;\">\u00a0&#8220;La salle de traite c\u00f4te \u00e0 c\u00f4te garantit une traite confortable et s\u00fbre. La traite arri\u00e8re accro\u00eet l&#8217;accessibilit\u00e9 et la s\u00e9curit\u00e9 et raccourcit les distances \u00e0 parcourir. Nos salles de traite c\u00f4te \u00e0 c\u00f4te red\u00e9finissent la traite ergonomique. Une routine de traite simple et efficace et un positionnement rapide et pr\u00e9cis des vaches.\u00a0 \u00a0&#8221;\u00a0 &#8211; Fullwood Packo<\/p><\/blockquote>\t\t\t\t\t<\/div>\n\t\t\t\t\t\t<\/div>\n\t\t\t\t<\/div>\n\t\t\t\t<div class=\"elementor-element elementor-element-e714413 elementor-widget elementor-widget-image\" data-id=\"e714413\" data-element_type=\"widget\" data-widget_type=\"image.default\">\n\t\t\t\t<div class=\"elementor-widget-container\">\n\t\t\t\t\t\t\t\t<div class=\"elementor-image\">\n\t\t\t\t\t\t\t\t\t\t\t\t<img width=\"1024\" height=\"685\" src=\"https:\/\/macoba.fr\/wp-content\/uploads\/2019\/10\/QS90-1024x685.jpg\" class=\"attachment-large size-large\" alt=\"\" loading=\"lazy\" srcset=\"https:\/\/macoba.fr\/wp-content\/uploads\/2019\/10\/QS90-1024x685.jpg 1024w, https:\/\/macoba.fr\/wp-content\/uploads\/2019\/10\/QS90-300x201.jpg 300w, https:\/\/macoba.fr\/wp-content\/uploads\/2019\/10\/QS90-768x513.jpg 768w, https:\/\/macoba.fr\/wp-content\/uploads\/2019\/10\/QS90.jpg 1065w\" sizes=\"(max-width: 1024px) 100vw, 1024px\" \/>\t\t\t\t\t\t\t\t\t\t\t\t\t\t<\/div>\n\t\t\t\t\t\t<\/div>\n\t\t\t\t<\/div>\n\t\t\t\t\t\t<\/div>\n\t\t\t\t\t<\/div>\n\t\t<\/div>\n\t\t\t\t\t\t\t\t<\/div>\n\t\t\t\t\t<\/div>\n\t\t<\/section>\n\t\t\t\t<div class=\"elementor-element elementor-element-b3fe08d elementor-widget elementor-widget-heading\" data-id=\"b3fe08d\" data-element_type=\"widget\" data-widget_type=\"heading.default\">\n\t\t\t\t<div class=\"elementor-widget-container\">\n\t\t\t<h2 class=\"elementor-heading-title elementor-size-default\">La traite c\u00f4te \u00e0 c\u00f4te dans un espace r\u00e9duit <\/h2>\t\t<\/div>\n\t\t\t\t<\/div>\n\t\t\t\t<section class=\"elementor-section elementor-inner-section elementor-element elementor-element-16eb25a elementor-section-boxed elementor-section-height-default elementor-section-height-default\" data-id=\"16eb25a\" data-element_type=\"section\">\n\t\t\t\t\t\t<div class=\"elementor-container elementor-column-gap-default\">\n\t\t\t\t\t\t\t<div class=\"elementor-row\">\n\t\t\t\t\t<div class=\"elementor-column elementor-col-100 elementor-inner-column elementor-element elementor-element-8798024\" data-id=\"8798024\" data-element_type=\"column\">\n\t\t\t<div class=\"elementor-column-wrap elementor-element-populated\">\n\t\t\t\t\t\t\t<div class=\"elementor-widget-wrap\">\n\t\t\t\t\t\t<div class=\"elementor-element elementor-element-daca7a9 elementor-widget elementor-widget-text-editor\" data-id=\"daca7a9\" data-element_type=\"widget\" data-widget_type=\"text-editor.default\">\n\t\t\t\t<div class=\"elementor-widget-container\">\n\t\t\t\t\t\t\t\t<div class=\"elementor-text-editor elementor-clearfix\">\n\t\t\t\t<p>La technologie, la qualit\u00e9 et la durabilit\u00e9 des mat\u00e9riaux utilis\u00e9s dans la conception de cette salle de traite font de la QS-90 un syst\u00e8me de traite simple, mais tr\u00e8s efficace. La salle de traite QS-90 est con\u00e7ue pour traire en toute s\u00e9r\u00e9nit\u00e9 de gros troupeaux de vaches. Gr\u00e2ce au positionnement des vaches \u00e0 90\u00b0 par rapport \u00e0 la fosse de traite, les trajets parcourus par le trayeurs sont sensiblement raccourcis, l&#8217;accessibilit\u00e9 aux mamelles est optimale et la s\u00e9curit\u00e9 est maximale. Bref, une traite plus rapide, plus fluide et plus s\u00fbre dans une installation g\u00e9n\u00e9rant de faibles frais d&#8217;entretien et offrant une longue dur\u00e9e de vie.\u00a0<\/p>\t\t\t\t\t<\/div>\n\t\t\t\t\t\t<\/div>\n\t\t\t\t<\/div>\n\t\t\t\t\t\t<\/div>\n\t\t\t\t\t<\/div>\n\t\t<\/div>\n\t\t\t\t\t\t\t\t<\/div>\n\t\t\t\t\t<\/div>\n\t\t<\/section>\n\t\t\t\t<div class=\"elementor-element elementor-element-bd7a174 elementor-icon-list--layout-traditional elementor-list-item-link-full_width elementor-widget elementor-widget-icon-list\" data-id=\"bd7a174\" data-element_type=\"widget\" data-widget_type=\"icon-list.default\">\n\t\t\t\t<div class=\"elementor-widget-container\">\n\t\t\t\t\t<ul class=\"elementor-icon-list-items\">\n\t\t\t\t\t\t\t<li class=\"elementor-icon-list-item\">\n\t\t\t\t\t\t\t\t\t\t\t<span class=\"elementor-icon-list-icon\">\n\t\t\t\t\t\t\t<i aria-hidden=\"true\" class=\"fas fa-check-circle\"><\/i>\t\t\t\t\t\t<\/span>\n\t\t\t\t\t\t\t\t\t\t<span class=\"elementor-icon-list-text\">Une construction robuste pour une longue dur\u00e9e de vie <\/span>\n\t\t\t\t\t\t\t\t\t<\/li>\n\t\t\t\t\t\t\t\t<li class=\"elementor-icon-list-item\">\n\t\t\t\t\t\t\t\t\t\t\t<span class=\"elementor-icon-list-icon\">\n\t\t\t\t\t\t\t<i aria-hidden=\"true\" class=\"fas fa-check-circle\"><\/i>\t\t\t\t\t\t<\/span>\n\t\t\t\t\t\t\t\t\t\t<span class=\"elementor-icon-list-text\">Un syst\u00e8me autoportant pour une plateforme sans obstacles<\/span>\n\t\t\t\t\t\t\t\t\t<\/li>\n\t\t\t\t\t\t\t\t<li class=\"elementor-icon-list-item\">\n\t\t\t\t\t\t\t\t\t\t\t<span class=\"elementor-icon-list-icon\">\n\t\t\t\t\t\t\t<i aria-hidden=\"true\" class=\"fas fa-check-circle\"><\/i>\t\t\t\t\t\t<\/span>\n\t\t\t\t\t\t\t\t\t\t<span class=\"elementor-icon-list-text\">Des portillons individuels pivotant vers le haut pour une permutation rapide des vaches<\/span>\n\t\t\t\t\t\t\t\t\t<\/li>\n\t\t\t\t\t\t<\/ul>\n\t\t\t\t<\/div>\n\t\t\t\t<\/div>\n\t\t\t\t<div class=\"elementor-element elementor-element-1b687fd elementor-widget elementor-widget-spacer\" data-id=\"1b687fd\" data-element_type=\"widget\" data-widget_type=\"spacer.default\">\n\t\t\t\t<div class=\"elementor-widget-container\">\n\t\t\t\t\t<div class=\"elementor-spacer\">\n\t\t\t<div class=\"elementor-spacer-inner\"><\/div>\n\t\t<\/div>\n\t\t\t\t<\/div>\n\t\t\t\t<\/div>\n\t\t\t\t<div class=\"elementor-element elementor-element-2e44f22 elementor-view-default elementor-mobile-position-top elementor-vertical-align-top elementor-widget elementor-widget-icon-box\" data-id=\"2e44f22\" data-element_type=\"widget\" data-widget_type=\"icon-box.default\">\n\t\t\t\t<div class=\"elementor-widget-container\">\n\t\t\t\t\t<div class=\"elementor-icon-box-wrapper\">\n\t\t\t\t\t\t<div class=\"elementor-icon-box-icon\">\n\t\t\t\t<a class=\"elementor-icon elementor-animation-\" href=\"https:\/\/macoba.fr\/index.php\/equipements\/\" target=\"_blank\">\n\t\t\t\t<i aria-hidden=\"true\" class=\"fas fa-search\"><\/i>\t\t\t\t<\/a>\n\t\t\t<\/div>\n\t\t\t\t\t\t<div class=\"elementor-icon-box-content\">\n\t\t\t\t<h3 class=\"elementor-icon-box-title\">\n\t\t\t\t\t<a href=\"https:\/\/macoba.fr\/index.php\/equipements\/\" target=\"_blank\" >\n\t\t\t\t\t\tD\u00e9couvrir les \u00e9quipements pour les installations de traite\t\t\t\t\t<\/a>\n\t\t\t\t<\/h3>\n\t\t\t\t\t\t\t\t\t<p class=\"elementor-icon-box-description\">\n\t\t\t\t\t\tAnalyseur de lait, brosse \u00e0 pie, compteur \u00e0 lait, d\u00e9crochage automatique, faisceaux trayeurs, gobelets trayeurs, griffes \u00e0 lait et pulsateurs.\t\t\t\t\t<\/p>\n\t\t\t\t\t\t\t<\/div>\n\t\t<\/div>\n\t\t\t\t<\/div>\n\t\t\t\t<\/div>\n\t\t\t\t\t\t<\/div>\n\t\t\t\t\t<\/div>\n\t\t<\/div>\n\t\t\t\t\t\t\t\t<\/div>\n\t\t\t\t\t<\/div>\n\t\t<\/section>\n\t\t\t\t<section class=\"elementor-section elementor-top-section elementor-element elementor-element-e5db781 elementor-section-boxed elementor-section-height-default elementor-section-height-default\" data-id=\"e5db781\" data-element_type=\"section\" data-settings=\"{&quot;background_background&quot;:&quot;classic&quot;,&quot;shape_divider_top&quot;:&quot;curve&quot;,&quot;shape_divider_top_negative&quot;:&quot;yes&quot;}\">\n\t\t\t\t\t\t\t<div class=\"elementor-background-overlay\"><\/div>\n\t\t\t\t\t\t<div class=\"elementor-shape elementor-shape-top\" data-negative=\"true\">\n\t\t\t<svg xmlns=\"http:\/\/www.w3.org\/2000\/svg\" viewBox=\"0 0 1000 100\" preserveAspectRatio=\"none\">\n\t<path class=\"elementor-shape-fill\" d=\"M500,97C126.7,96.3,0.8,19.8,0,0v100l1000,0V1C1000,19.4,873.3,97.8,500,97z\"\/>\n<\/svg>\t\t<\/div>\n\t\t\t\t\t<div class=\"elementor-container elementor-column-gap-default\">\n\t\t\t\t\t\t\t<div class=\"elementor-row\">\n\t\t\t\t\t<div class=\"elementor-column elementor-col-100 elementor-top-column elementor-element elementor-element-5facfe8\" data-id=\"5facfe8\" data-element_type=\"column\">\n\t\t\t<div class=\"elementor-column-wrap elementor-element-populated\">\n\t\t\t\t\t\t\t<div class=\"elementor-widget-wrap\">\n\t\t\t\t\t\t<div class=\"elementor-element elementor-element-8c978e6 elementor-aspect-ratio-169 elementor-widget elementor-widget-video\" data-id=\"8c978e6\" data-element_type=\"widget\" data-settings=\"{&quot;video_type&quot;:&quot;hosted&quot;,&quot;autoplay&quot;:&quot;yes&quot;,&quot;loop&quot;:&quot;yes&quot;,&quot;controls&quot;:&quot;yes&quot;,&quot;aspect_ratio&quot;:&quot;169&quot;}\" data-widget_type=\"video.default\">\n\t\t\t\t<div class=\"elementor-widget-container\">\n\t\t\t\t\t<div class=\"e-hosted-video elementor-wrapper elementor-fit-aspect-ratio elementor-open-inline\">\n\t\t\t\t\t<video class=\"elementor-video\" src=\"http:\/\/macoba.fr\/wp-content\/uploads\/2019\/10\/4-Conventional-Promotion-Short-Video-Social-Media-FR-online-video-cutter.com-1.mp4\" autoplay=\"\" loop=\"\" controls=\"\" controlsList=\"nodownload\"><\/video>\n\t\t\t\t<\/div>\n\t\t\t\t<\/div>\n\t\t\t\t<\/div>\n\t\t\t\t\t\t<\/div>\n\t\t\t\t\t<\/div>\n\t\t<\/div>\n\t\t\t\t\t\t\t\t<\/div>\n\t\t\t\t\t<\/div>\n\t\t<\/section>\n\t\t\t\t<section class=\"elementor-section elementor-top-section elementor-element elementor-element-706953a elementor-section-height-min-height elementor-section-content-top elementor-section-boxed elementor-section-height-default elementor-section-items-middle\" data-id=\"706953a\" data-element_type=\"section\" data-settings=\"{&quot;background_background&quot;:&quot;classic&quot;}\">\n\t\t\t\t\t\t<div class=\"elementor-container elementor-column-gap-default\">\n\t\t\t\t\t\t\t<div class=\"elementor-row\">\n\t\t\t\t\t<div class=\"elementor-column elementor-col-33 elementor-top-column elementor-element elementor-element-c6fe699\" data-id=\"c6fe699\" data-element_type=\"column\">\n\t\t\t<div class=\"elementor-column-wrap elementor-element-populated\">\n\t\t\t\t\t\t\t<div class=\"elementor-widget-wrap\">\n\t\t\t\t\t\t<div class=\"elementor-element elementor-element-53cac7c elementor-view-default elementor-widget elementor-widget-icon\" data-id=\"53cac7c\" data-element_type=\"widget\" data-widget_type=\"icon.default\">\n\t\t\t\t<div class=\"elementor-widget-container\">\n\t\t\t\t\t<div class=\"elementor-icon-wrapper\">\n\t\t\t<div class=\"elementor-icon\">\n\t\t\t<i aria-hidden=\"true\" class=\"far fa-check-circle\"><\/i>\t\t\t<\/div>\n\t\t<\/div>\n\t\t\t\t<\/div>\n\t\t\t\t<\/div>\n\t\t\t\t<div class=\"elementor-element elementor-element-efd016f elementor-position-top elementor-vertical-align-top elementor-widget elementor-widget-image-box\" data-id=\"efd016f\" data-element_type=\"widget\" data-widget_type=\"image-box.default\">\n\t\t\t\t<div class=\"elementor-widget-container\">\n\t\t\t<div class=\"elementor-image-box-wrapper\"><div class=\"elementor-image-box-content\"><h2 class=\"elementor-image-box-title\">SAvoir-Faire<\/h2><p class=\"elementor-image-box-description\">Depuis 2 g\u00e9n\u00e9rations, sp\u00e9cialiste en refroidissement et en machine \u00e0 traire. <\/p><\/div><\/div>\t\t<\/div>\n\t\t\t\t<\/div>\n\t\t\t\t\t\t<\/div>\n\t\t\t\t\t<\/div>\n\t\t<\/div>\n\t\t\t\t<div class=\"elementor-column elementor-col-33 elementor-top-column elementor-element elementor-element-3b611b0\" data-id=\"3b611b0\" data-element_type=\"column\">\n\t\t\t<div class=\"elementor-column-wrap elementor-element-populated\">\n\t\t\t\t\t\t\t<div class=\"elementor-widget-wrap\">\n\t\t\t\t\t\t<div class=\"elementor-element elementor-element-0e42c9b elementor-view-default elementor-widget elementor-widget-icon\" data-id=\"0e42c9b\" data-element_type=\"widget\" data-widget_type=\"icon.default\">\n\t\t\t\t<div class=\"elementor-widget-container\">\n\t\t\t\t\t<div class=\"elementor-icon-wrapper\">\n\t\t\t<div class=\"elementor-icon\">\n\t\t\t<i aria-hidden=\"true\" class=\"far fa-edit\"><\/i>\t\t\t<\/div>\n\t\t<\/div>\n\t\t\t\t<\/div>\n\t\t\t\t<\/div>\n\t\t\t\t<div class=\"elementor-element elementor-element-9997a15 elementor-position-top elementor-vertical-align-top elementor-widget elementor-widget-image-box\" data-id=\"9997a15\" data-element_type=\"widget\" data-widget_type=\"image-box.default\">\n\t\t\t\t<div class=\"elementor-widget-container\">\n\t\t\t<div class=\"elementor-image-box-wrapper\"><div class=\"elementor-image-box-content\"><h2 class=\"elementor-image-box-title\">ecrivez-nous<\/h2><p class=\"elementor-image-box-description\">sarl.macoba@orange.fr<\/p><\/div><\/div>\t\t<\/div>\n\t\t\t\t<\/div>\n\t\t\t\t\t\t<\/div>\n\t\t\t\t\t<\/div>\n\t\t<\/div>\n\t\t\t\t<div class=\"elementor-column elementor-col-33 elementor-top-column elementor-element elementor-element-a95f987\" data-id=\"a95f987\" data-element_type=\"column\">\n\t\t\t<div class=\"elementor-column-wrap elementor-element-populated\">\n\t\t\t\t\t\t\t<div class=\"elementor-widget-wrap\">\n\t\t\t\t\t\t<div class=\"elementor-element elementor-element-53eb9ac elementor-view-default elementor-widget elementor-widget-icon\" data-id=\"53eb9ac\" data-element_type=\"widget\" data-widget_type=\"icon.default\">\n\t\t\t\t<div class=\"elementor-widget-container\">\n\t\t\t\t\t<div class=\"elementor-icon-wrapper\">\n\t\t\t<div class=\"elementor-icon\">\n\t\t\t<i aria-hidden=\"true\" class=\"fas fa-phone-alt\"><\/i>\t\t\t<\/div>\n\t\t<\/div>\n\t\t\t\t<\/div>\n\t\t\t\t<\/div>\n\t\t\t\t<div class=\"elementor-element elementor-element-6671b13 elementor-position-top elementor-vertical-align-top elementor-widget elementor-widget-image-box\" data-id=\"6671b13\" data-element_type=\"widget\" data-widget_type=\"image-box.default\">\n\t\t\t\t<div class=\"elementor-widget-container\">\n\t\t\t<div class=\"elementor-image-box-wrapper\"><div class=\"elementor-image-box-content\"><h2 class=\"elementor-image-box-title\">Contactez-nous<\/h2><p class=\"elementor-image-box-description\">03.21.86.40.09<\/p><\/div><\/div>\t\t<\/div>\n\t\t\t\t<\/div>\n\t\t\t\t\t\t<\/div>\n\t\t\t\t\t<\/div>\n\t\t<\/div>\n\t\t\t\t\t\t\t\t<\/div>\n\t\t\t\t\t<\/div>\n\t\t<\/section>\n\t\t\t\t\t\t\t\t\t<\/div>\n\t\t\t<\/div>\n\t\t\t\t\t<\/div>\n\t\t","protected":false},"excerpt":{"rendered":"<div class=\"slide-text-bg2\"><span>Les salles de traite c\u00f4te a c\u00f4te fullwood qS-90 \u00a0&#8220;La salle de traite c\u00f4te \u00e0 c\u00f4te garantit une traite confortable et s\u00fbre. La traite arri\u00e8re a<\/span><\/div>\n<div class=\"slide-btn-area-sm\"><a href=\"https:\/\/macoba.fr\/index.php\/quick-s-90\/\" class=\"slide-btn-sm\">Read More<\/a><\/div>\n","protected":false},"author":1,"featured_media":0,"parent":0,"menu_order":0,"comment_status":"closed","ping_status":"closed","template":"elementor_header_footer","meta":[],"yoast_head":"<!-- This site is optimized with the Yoast SEO plugin v18.4.1 - https:\/\/yoast.com\/wordpress\/plugins\/seo\/ -->\n<title>Salle de traite Quick S-90 - Mat\u00e9riel de traite - SARL MACOBA - Hesmond<\/title>\n<meta name=\"description\" content=\"Salle de traite Quick-S-90 Fullwood Packo. Concessionnaire machine \u00e0 traire SARL MACOBA \u00e0 Hesmond dans le Pas de Calais. Salle de traite c\u00f4te \u00e0 c\u00f4te.\" \/>\n<meta name=\"robots\" content=\"index, follow, max-snippet:-1, max-image-preview:large, max-video-preview:-1\" \/>\n<link rel=\"canonical\" href=\"https:\/\/macoba.fr\/index.php\/quick-s-90\/\" \/>\n<meta property=\"og:locale\" content=\"en_US\" \/>\n<meta property=\"og:type\" content=\"article\" \/>\n<meta property=\"og:title\" content=\"Salle de traite Quick S-90 - Mat\u00e9riel de traite - SARL MACOBA - Hesmond\" \/>\n<meta property=\"og:description\" content=\"Salle de traite Quick-S-90 Fullwood Packo. Concessionnaire machine \u00e0 traire SARL MACOBA \u00e0 Hesmond dans le Pas de Calais. Salle de traite c\u00f4te \u00e0 c\u00f4te.\" \/>\n<meta property=\"og:url\" content=\"https:\/\/macoba.fr\/index.php\/quick-s-90\/\" \/>\n<meta property=\"og:site_name\" content=\"SARL MACOBA\" \/>\n<meta property=\"article:modified_time\" content=\"2019-11-13T13:03:17+00:00\" \/>\n<meta property=\"og:image\" content=\"http:\/\/macoba.fr\/wp-content\/uploads\/2019\/10\/QS90-1024x685.jpg\" \/>\n<meta name=\"twitter:card\" content=\"summary_large_image\" \/>\n<meta name=\"twitter:label1\" content=\"Est. reading time\" \/>\n\t<meta name=\"twitter:data1\" content=\"1 minute\" \/>\n<script type=\"application\/ld+json\" class=\"yoast-schema-graph\">{\"@context\":\"https:\/\/schema.org\",\"@graph\":[{\"@type\":\"WebSite\",\"@id\":\"https:\/\/macoba.fr\/#website\",\"url\":\"https:\/\/macoba.fr\/\",\"name\":\"SARL MACOBA\",\"description\":\"\",\"potentialAction\":[{\"@type\":\"SearchAction\",\"target\":{\"@type\":\"EntryPoint\",\"urlTemplate\":\"https:\/\/macoba.fr\/?s={search_term_string}\"},\"query-input\":\"required name=search_term_string\"}],\"inLanguage\":\"en-US\"},{\"@type\":\"ImageObject\",\"@id\":\"https:\/\/macoba.fr\/index.php\/quick-s-90\/#primaryimage\",\"inLanguage\":\"en-US\",\"url\":\"https:\/\/macoba.fr\/wp-content\/uploads\/2019\/10\/QS90.jpg\",\"contentUrl\":\"https:\/\/macoba.fr\/wp-content\/uploads\/2019\/10\/QS90.jpg\",\"width\":1065,\"height\":712,\"caption\":\"salle de traite Quick S 90 fullwood packo\"},{\"@type\":\"WebPage\",\"@id\":\"https:\/\/macoba.fr\/index.php\/quick-s-90\/#webpage\",\"url\":\"https:\/\/macoba.fr\/index.php\/quick-s-90\/\",\"name\":\"Salle de traite Quick S-90 - Mat\u00e9riel de traite - SARL MACOBA - Hesmond\",\"isPartOf\":{\"@id\":\"https:\/\/macoba.fr\/#website\"},\"primaryImageOfPage\":{\"@id\":\"https:\/\/macoba.fr\/index.php\/quick-s-90\/#primaryimage\"},\"datePublished\":\"2019-08-21T08:44:08+00:00\",\"dateModified\":\"2019-11-13T13:03:17+00:00\",\"description\":\"Salle de traite Quick-S-90 Fullwood Packo. Concessionnaire machine \u00e0 traire SARL MACOBA \u00e0 Hesmond dans le Pas de Calais. Salle de traite c\u00f4te \u00e0 c\u00f4te.\",\"breadcrumb\":{\"@id\":\"https:\/\/macoba.fr\/index.php\/quick-s-90\/#breadcrumb\"},\"inLanguage\":\"en-US\",\"potentialAction\":[{\"@type\":\"ReadAction\",\"target\":[\"https:\/\/macoba.fr\/index.php\/quick-s-90\/\"]}]},{\"@type\":\"BreadcrumbList\",\"@id\":\"https:\/\/macoba.fr\/index.php\/quick-s-90\/#breadcrumb\",\"itemListElement\":[{\"@type\":\"ListItem\",\"position\":1,\"name\":\"Accueil\",\"item\":\"https:\/\/macoba.fr\/\"},{\"@type\":\"ListItem\",\"position\":2,\"name\":\"Quick-S-90\"}]}]}<\/script>\n<!-- \/ Yoast SEO plugin. -->","yoast_head_json":{"title":"Salle de traite Quick S-90 - Mat\u00e9riel de traite - SARL MACOBA - Hesmond","description":"Salle de traite Quick-S-90 Fullwood Packo. Concessionnaire machine \u00e0 traire SARL MACOBA \u00e0 Hesmond dans le Pas de Calais. Salle de traite c\u00f4te \u00e0 c\u00f4te.","robots":{"index":"index","follow":"follow","max-snippet":"max-snippet:-1","max-image-preview":"max-image-preview:large","max-video-preview":"max-video-preview:-1"},"canonical":"https:\/\/macoba.fr\/index.php\/quick-s-90\/","og_locale":"en_US","og_type":"article","og_title":"Salle de traite Quick S-90 - Mat\u00e9riel de traite - SARL MACOBA - Hesmond","og_description":"Salle de traite Quick-S-90 Fullwood Packo. Concessionnaire machine \u00e0 traire SARL MACOBA \u00e0 Hesmond dans le Pas de Calais. Salle de traite c\u00f4te \u00e0 c\u00f4te.","og_url":"https:\/\/macoba.fr\/index.php\/quick-s-90\/","og_site_name":"SARL MACOBA","article_modified_time":"2019-11-13T13:03:17+00:00","og_image":[{"url":"http:\/\/macoba.fr\/wp-content\/uploads\/2019\/10\/QS90-1024x685.jpg"}],"twitter_card":"summary_large_image","twitter_misc":{"Est. reading time":"1 minute"},"schema":{"@context":"https:\/\/schema.org","@graph":[{"@type":"WebSite","@id":"https:\/\/macoba.fr\/#website","url":"https:\/\/macoba.fr\/","name":"SARL MACOBA","description":"","potentialAction":[{"@type":"SearchAction","target":{"@type":"EntryPoint","urlTemplate":"https:\/\/macoba.fr\/?s={search_term_string}"},"query-input":"required name=search_term_string"}],"inLanguage":"en-US"},{"@type":"ImageObject","@id":"https:\/\/macoba.fr\/index.php\/quick-s-90\/#primaryimage","inLanguage":"en-US","url":"https:\/\/macoba.fr\/wp-content\/uploads\/2019\/10\/QS90.jpg","contentUrl":"https:\/\/macoba.fr\/wp-content\/uploads\/2019\/10\/QS90.jpg","width":1065,"height":712,"caption":"salle de traite Quick S 90 fullwood packo"},{"@type":"WebPage","@id":"https:\/\/macoba.fr\/index.php\/quick-s-90\/#webpage","url":"https:\/\/macoba.fr\/index.php\/quick-s-90\/","name":"Salle de traite Quick S-90 - Mat\u00e9riel de traite - SARL MACOBA - Hesmond","isPartOf":{"@id":"https:\/\/macoba.fr\/#website"},"primaryImageOfPage":{"@id":"https:\/\/macoba.fr\/index.php\/quick-s-90\/#primaryimage"},"datePublished":"2019-08-21T08:44:08+00:00","dateModified":"2019-11-13T13:03:17+00:00","description":"Salle de traite Quick-S-90 Fullwood Packo. Concessionnaire machine \u00e0 traire SARL MACOBA \u00e0 Hesmond dans le Pas de Calais. Salle de traite c\u00f4te \u00e0 c\u00f4te.","breadcrumb":{"@id":"https:\/\/macoba.fr\/index.php\/quick-s-90\/#breadcrumb"},"inLanguage":"en-US","potentialAction":[{"@type":"ReadAction","target":["https:\/\/macoba.fr\/index.php\/quick-s-90\/"]}]},{"@type":"BreadcrumbList","@id":"https:\/\/macoba.fr\/index.php\/quick-s-90\/#breadcrumb","itemListElement":[{"@type":"ListItem","position":1,"name":"Accueil","item":"https:\/\/macoba.fr\/"},{"@type":"ListItem","position":2,"name":"Quick-S-90"}]}]}},"_links":{"self":[{"href":"https:\/\/macoba.fr\/index.php\/wp-json\/wp\/v2\/pages\/125"}],"collection":[{"href":"https:\/\/macoba.fr\/index.php\/wp-json\/wp\/v2\/pages"}],"about":[{"href":"https:\/\/macoba.fr\/index.php\/wp-json\/wp\/v2\/types\/page"}],"author":[{"embeddable":true,"href":"https:\/\/macoba.fr\/index.php\/wp-json\/wp\/v2\/users\/1"}],"replies":[{"embeddable":true,"href":"https:\/\/macoba.fr\/index.php\/wp-json\/wp\/v2\/comments?post=125"}],"version-history":[{"count":6,"href":"https:\/\/macoba.fr\/index.php\/wp-json\/wp\/v2\/pages\/125\/revisions"}],"predecessor-version":[{"id":1329,"href":"https:\/\/macoba.fr\/index.php\/wp-json\/wp\/v2\/pages\/125\/revisions\/1329"}],"wp:attachment":[{"href":"https:\/\/macoba.fr\/index.php\/wp-json\/wp\/v2\/media?parent=125"}],"curies":[{"name":"wp","href":"https:\/\/api.w.org\/{rel}","templated":true}]}}