{"id":9,"date":"2019-08-21T10:28:54","date_gmt":"2019-08-21T08:28:54","guid":{"rendered":"http:\/\/macoba.fr\/?page_id=9"},"modified":"2021-01-13T16:54:19","modified_gmt":"2021-01-13T15:54:19","slug":"notre-equipe-et-nos-partenaires","status":"publish","type":"page","link":"http:\/\/macoba.fr\/index.php\/notre-equipe-et-nos-partenaires\/","title":{"rendered":"Notre \u00e9quipe et nos partenaires"},"content":{"rendered":"\t\t<div data-elementor-type=\"wp-page\" data-elementor-id=\"9\" class=\"elementor elementor-9\">\n\t\t\t\t\t\t<div class=\"elementor-inner\">\n\t\t\t\t<div class=\"elementor-section-wrap\">\n\t\t\t\t\t\t\t\t\t<section class=\"elementor-section elementor-top-section elementor-element elementor-element-5ae9fd4c elementor-section-boxed elementor-section-height-default elementor-section-height-default\" data-id=\"5ae9fd4c\" data-element_type=\"section\" data-settings=\"{&quot;background_background&quot;:&quot;classic&quot;}\">\n\t\t\t\t\t\t<div class=\"elementor-container elementor-column-gap-wide\">\n\t\t\t\t\t\t\t<div class=\"elementor-row\">\n\t\t\t\t\t<div class=\"elementor-column elementor-col-100 elementor-top-column elementor-element elementor-element-670e7299\" data-id=\"670e7299\" data-element_type=\"column\">\n\t\t\t<div class=\"elementor-column-wrap elementor-element-populated\">\n\t\t\t\t\t\t\t<div class=\"elementor-widget-wrap\">\n\t\t\t\t\t\t<div class=\"elementor-element elementor-element-c745810 elementor-widget elementor-widget-heading\" data-id=\"c745810\" data-element_type=\"widget\" data-widget_type=\"heading.default\">\n\t\t\t\t<div class=\"elementor-widget-container\">\n\t\t\t<h3 class=\"elementor-heading-title elementor-size-default\">Recrutement<\/h3>\t\t<\/div>\n\t\t\t\t<\/div>\n\t\t\t\t<div class=\"elementor-element elementor-element-11da6548 elementor-view-default elementor-widget elementor-widget-icon\" data-id=\"11da6548\" data-element_type=\"widget\" data-widget_type=\"icon.default\">\n\t\t\t\t<div class=\"elementor-widget-container\">\n\t\t\t\t\t<div class=\"elementor-icon-wrapper\">\n\t\t\t<div class=\"elementor-icon\">\n\t\t\t<i aria-hidden=\"true\" class=\"far fa-handshake\"><\/i>\t\t\t<\/div>\n\t\t<\/div>\n\t\t\t\t<\/div>\n\t\t\t\t<\/div>\n\t\t\t\t\t\t<\/div>\n\t\t\t\t\t<\/div>\n\t\t<\/div>\n\t\t\t\t\t\t\t\t<\/div>\n\t\t\t\t\t<\/div>\n\t\t<\/section>\n\t\t\t\t<section class=\"elementor-section elementor-top-section elementor-element elementor-element-4c74b46c elementor-section-boxed elementor-section-height-default elementor-section-height-default\" data-id=\"4c74b46c\" data-element_type=\"section\">\n\t\t\t\t\t\t<div class=\"elementor-container elementor-column-gap-wide\">\n\t\t\t\t\t\t\t<div class=\"elementor-row\">\n\t\t\t\t\t<div class=\"elementor-column elementor-col-50 elementor-top-column elementor-element elementor-element-556764dc\" data-id=\"556764dc\" data-element_type=\"column\">\n\t\t\t<div class=\"elementor-column-wrap elementor-element-populated\">\n\t\t\t\t\t\t\t<div class=\"elementor-widget-wrap\">\n\t\t\t\t\t\t<div class=\"elementor-element elementor-element-5d0e5868 elementor-view-default elementor-vertical-align-top elementor-widget elementor-widget-icon-box\" data-id=\"5d0e5868\" data-element_type=\"widget\" data-widget_type=\"icon-box.default\">\n\t\t\t\t<div class=\"elementor-widget-container\">\n\t\t\t\t\t<div class=\"elementor-icon-box-wrapper\">\n\t\t\t\t\t\t<div class=\"elementor-icon-box-icon\">\n\t\t\t\t<span class=\"elementor-icon elementor-animation-\" >\n\t\t\t\t\t\t\t\t<\/span>\n\t\t\t<\/div>\n\t\t\t\t\t\t<div class=\"elementor-icon-box-content\">\n\t\t\t\t<h3 class=\"elementor-icon-box-title\">\n\t\t\t\t\t<span  >\n\t\t\t\t\t\tTechnicien frigoriste\t\t\t\t\t<\/span>\n\t\t\t\t<\/h3>\n\t\t\t\t\t\t\t\t\t<p class=\"elementor-icon-box-description\">\n\t\t\t\t\t\tVous poss\u00e9dez des dipl\u00f4mes en \u00e9lectricit\u00e9, en \u00e9lectrom\u00e9canique, ou en frigoriste. \t\t\t\t\t<\/p>\n\t\t\t\t\t\t\t<\/div>\n\t\t<\/div>\n\t\t\t\t<\/div>\n\t\t\t\t<\/div>\n\t\t\t\t<div class=\"elementor-element elementor-element-bfbd96c elementor-button-danger elementor-align-center elementor-widget elementor-widget-button\" data-id=\"bfbd96c\" data-element_type=\"widget\" data-widget_type=\"button.default\">\n\t\t\t\t<div class=\"elementor-widget-container\">\n\t\t\t\t\t<div class=\"elementor-button-wrapper\">\n\t\t\t<a href=\"http:\/\/macoba.fr\/wp-content\/uploads\/2021\/01\/offre-demploi-technicien-frigoriste-electricien.pdf\" class=\"elementor-button-link elementor-button elementor-size-sm\" role=\"button\">\n\t\t\t\t\t\t<span class=\"elementor-button-content-wrapper\">\n\t\t\t\t\t\t<span class=\"elementor-button-text\">D\u00e9couvrez l'offre<\/span>\n\t\t<\/span>\n\t\t\t\t\t<\/a>\n\t\t<\/div>\n\t\t\t\t<\/div>\n\t\t\t\t<\/div>\n\t\t\t\t\t\t<\/div>\n\t\t\t\t\t<\/div>\n\t\t<\/div>\n\t\t\t\t<div class=\"elementor-column elementor-col-50 elementor-top-column elementor-element elementor-element-7a5ee3f0\" data-id=\"7a5ee3f0\" data-element_type=\"column\">\n\t\t\t<div class=\"elementor-column-wrap elementor-element-populated\">\n\t\t\t\t\t\t\t<div class=\"elementor-widget-wrap\">\n\t\t\t\t\t\t<div class=\"elementor-element elementor-element-245b0823 elementor-view-default elementor-vertical-align-top elementor-widget elementor-widget-icon-box\" data-id=\"245b0823\" data-element_type=\"widget\" data-widget_type=\"icon-box.default\">\n\t\t\t\t<div class=\"elementor-widget-container\">\n\t\t\t\t\t<div class=\"elementor-icon-box-wrapper\">\n\t\t\t\t\t\t<div class=\"elementor-icon-box-icon\">\n\t\t\t\t<span class=\"elementor-icon elementor-animation-\" >\n\t\t\t\t\t\t\t\t<\/span>\n\t\t\t<\/div>\n\t\t\t\t\t\t<div class=\"elementor-icon-box-content\">\n\t\t\t\t<h3 class=\"elementor-icon-box-title\">\n\t\t\t\t\t<span  >\n\t\t\t\t\t\tTechnicien robot de traite\t\t\t\t\t<\/span>\n\t\t\t\t<\/h3>\n\t\t\t\t\t\t\t\t\t<p class=\"elementor-icon-box-description\">\n\t\t\t\t\t\tVous poss\u00e9dez des dipl\u00f4mes en technicien \u00e9lectrotechnique ou maintenance, en \u00e9lectricit\u00e9 ou en frigoriste\t\t\t\t\t<\/p>\n\t\t\t\t\t\t\t<\/div>\n\t\t<\/div>\n\t\t\t\t<\/div>\n\t\t\t\t<\/div>\n\t\t\t\t<div class=\"elementor-element elementor-element-155e6d9 elementor-button-danger elementor-align-center elementor-widget elementor-widget-button\" data-id=\"155e6d9\" data-element_type=\"widget\" data-widget_type=\"button.default\">\n\t\t\t\t<div class=\"elementor-widget-container\">\n\t\t\t\t\t<div class=\"elementor-button-wrapper\">\n\t\t\t<a href=\"http:\/\/macoba.fr\/wp-content\/uploads\/2021\/01\/Offre-emploi-technicien-robot.pdf\" class=\"elementor-button-link elementor-button elementor-size-sm\" role=\"button\">\n\t\t\t\t\t\t<span class=\"elementor-button-content-wrapper\">\n\t\t\t\t\t\t<span class=\"elementor-button-text\">D\u00e9couvrez l'offre<\/span>\n\t\t<\/span>\n\t\t\t\t\t<\/a>\n\t\t<\/div>\n\t\t\t\t<\/div>\n\t\t\t\t<\/div>\n\t\t\t\t\t\t<\/div>\n\t\t\t\t\t<\/div>\n\t\t<\/div>\n\t\t\t\t\t\t\t\t<\/div>\n\t\t\t\t\t<\/div>\n\t\t<\/section>\n\t\t\t\t\t\t\t\t\t<\/div>\n\t\t\t<\/div>\n\t\t\t\t\t<\/div>\n\t\t","protected":false},"excerpt":{"rendered":"<div class=\"slide-text-bg2\"><span>Recrutement Technicien frigoriste Vous poss\u00e9dez des dipl\u00f4mes en \u00e9lectricit\u00e9, en \u00e9lectrom\u00e9canique, ou en frigoriste. D\u00e9couvrez l&#8217;offre Technici<\/span><\/div>\n<div class=\"slide-btn-area-sm\"><a href=\"http:\/\/macoba.fr\/index.php\/notre-equipe-et-nos-partenaires\/\" class=\"slide-btn-sm\">Read More<\/a><\/div>\n","protected":false},"author":1,"featured_media":0,"parent":0,"menu_order":0,"comment_status":"closed","ping_status":"closed","template":"elementor_canvas","meta":[],"yoast_head":"<!-- This site is optimized with the Yoast SEO plugin v18.4.1 - https:\/\/yoast.com\/wordpress\/plugins\/seo\/ -->\n<title>Notre \u00e9quipe et nos partenaires - SARL MACOBA<\/title>\n<meta name=\"robots\" content=\"index, follow, max-snippet:-1, max-image-preview:large, max-video-preview:-1\" \/>\n<link rel=\"canonical\" href=\"http:\/\/macoba.fr\/index.php\/notre-equipe-et-nos-partenaires\/\" \/>\n<meta property=\"og:locale\" content=\"en_US\" \/>\n<meta property=\"og:type\" content=\"article\" \/>\n<meta property=\"og:title\" content=\"Notre \u00e9quipe et nos partenaires - SARL MACOBA\" \/>\n<meta property=\"og:description\" content=\"Recrutement Technicien frigoriste Vous poss\u00e9dez des dipl\u00f4mes en \u00e9lectricit\u00e9, en \u00e9lectrom\u00e9canique, ou en frigoriste. D\u00e9couvrez l&#8217;offre TechniciRead More\" \/>\n<meta property=\"og:url\" content=\"http:\/\/macoba.fr\/index.php\/notre-equipe-et-nos-partenaires\/\" \/>\n<meta property=\"og:site_name\" content=\"SARL MACOBA\" \/>\n<meta property=\"article:modified_time\" content=\"2021-01-13T15:54:19+00:00\" \/>\n<meta name=\"twitter:card\" content=\"summary_large_image\" \/>\n<script type=\"application\/ld+json\" class=\"yoast-schema-graph\">{\"@context\":\"https:\/\/schema.org\",\"@graph\":[{\"@type\":\"WebSite\",\"@id\":\"http:\/\/macoba.fr\/#website\",\"url\":\"http:\/\/macoba.fr\/\",\"name\":\"SARL MACOBA\",\"description\":\"\",\"potentialAction\":[{\"@type\":\"SearchAction\",\"target\":{\"@type\":\"EntryPoint\",\"urlTemplate\":\"http:\/\/macoba.fr\/?s={search_term_string}\"},\"query-input\":\"required name=search_term_string\"}],\"inLanguage\":\"en-US\"},{\"@type\":\"WebPage\",\"@id\":\"http:\/\/macoba.fr\/index.php\/notre-equipe-et-nos-partenaires\/#webpage\",\"url\":\"http:\/\/macoba.fr\/index.php\/notre-equipe-et-nos-partenaires\/\",\"name\":\"Notre \u00e9quipe et nos partenaires - SARL MACOBA\",\"isPartOf\":{\"@id\":\"http:\/\/macoba.fr\/#website\"},\"datePublished\":\"2019-08-21T08:28:54+00:00\",\"dateModified\":\"2021-01-13T15:54:19+00:00\",\"breadcrumb\":{\"@id\":\"http:\/\/macoba.fr\/index.php\/notre-equipe-et-nos-partenaires\/#breadcrumb\"},\"inLanguage\":\"en-US\",\"potentialAction\":[{\"@type\":\"ReadAction\",\"target\":[\"http:\/\/macoba.fr\/index.php\/notre-equipe-et-nos-partenaires\/\"]}]},{\"@type\":\"BreadcrumbList\",\"@id\":\"http:\/\/macoba.fr\/index.php\/notre-equipe-et-nos-partenaires\/#breadcrumb\",\"itemListElement\":[{\"@type\":\"ListItem\",\"position\":1,\"name\":\"Accueil\",\"item\":\"http:\/\/macoba.fr\/\"},{\"@type\":\"ListItem\",\"position\":2,\"name\":\"Notre \u00e9quipe et nos partenaires\"}]}]}<\/script>\n<!-- \/ Yoast SEO plugin. -->","yoast_head_json":{"title":"Notre \u00e9quipe et nos partenaires - SARL MACOBA","robots":{"index":"index","follow":"follow","max-snippet":"max-snippet:-1","max-image-preview":"max-image-preview:large","max-video-preview":"max-video-preview:-1"},"canonical":"http:\/\/macoba.fr\/index.php\/notre-equipe-et-nos-partenaires\/","og_locale":"en_US","og_type":"article","og_title":"Notre \u00e9quipe et nos partenaires - SARL MACOBA","og_description":"Recrutement Technicien frigoriste Vous poss\u00e9dez des dipl\u00f4mes en \u00e9lectricit\u00e9, en \u00e9lectrom\u00e9canique, ou en frigoriste. D\u00e9couvrez l&#8217;offre TechniciRead More","og_url":"http:\/\/macoba.fr\/index.php\/notre-equipe-et-nos-partenaires\/","og_site_name":"SARL MACOBA","article_modified_time":"2021-01-13T15:54:19+00:00","twitter_card":"summary_large_image","schema":{"@context":"https:\/\/schema.org","@graph":[{"@type":"WebSite","@id":"http:\/\/macoba.fr\/#website","url":"http:\/\/macoba.fr\/","name":"SARL MACOBA","description":"","potentialAction":[{"@type":"SearchAction","target":{"@type":"EntryPoint","urlTemplate":"http:\/\/macoba.fr\/?s={search_term_string}"},"query-input":"required name=search_term_string"}],"inLanguage":"en-US"},{"@type":"WebPage","@id":"http:\/\/macoba.fr\/index.php\/notre-equipe-et-nos-partenaires\/#webpage","url":"http:\/\/macoba.fr\/index.php\/notre-equipe-et-nos-partenaires\/","name":"Notre \u00e9quipe et nos partenaires - SARL MACOBA","isPartOf":{"@id":"http:\/\/macoba.fr\/#website"},"datePublished":"2019-08-21T08:28:54+00:00","dateModified":"2021-01-13T15:54:19+00:00","breadcrumb":{"@id":"http:\/\/macoba.fr\/index.php\/notre-equipe-et-nos-partenaires\/#breadcrumb"},"inLanguage":"en-US","potentialAction":[{"@type":"ReadAction","target":["http:\/\/macoba.fr\/index.php\/notre-equipe-et-nos-partenaires\/"]}]},{"@type":"BreadcrumbList","@id":"http:\/\/macoba.fr\/index.php\/notre-equipe-et-nos-partenaires\/#breadcrumb","itemListElement":[{"@type":"ListItem","position":1,"name":"Accueil","item":"http:\/\/macoba.fr\/"},{"@type":"ListItem","position":2,"name":"Notre \u00e9quipe et nos partenaires"}]}]}},"_links":{"self":[{"href":"http:\/\/macoba.fr\/index.php\/wp-json\/wp\/v2\/pages\/9"}],"collection":[{"href":"http:\/\/macoba.fr\/index.php\/wp-json\/wp\/v2\/pages"}],"about":[{"href":"http:\/\/macoba.fr\/index.php\/wp-json\/wp\/v2\/types\/page"}],"author":[{"embeddable":true,"href":"http:\/\/macoba.fr\/index.php\/wp-json\/wp\/v2\/users\/1"}],"replies":[{"embeddable":true,"href":"http:\/\/macoba.fr\/index.php\/wp-json\/wp\/v2\/comments?post=9"}],"version-history":[{"count":4,"href":"http:\/\/macoba.fr\/index.php\/wp-json\/wp\/v2\/pages\/9\/revisions"}],"predecessor-version":[{"id":1954,"href":"http:\/\/macoba.fr\/index.php\/wp-json\/wp\/v2\/pages\/9\/revisions\/1954"}],"wp:attachment":[{"href":"http:\/\/macoba.fr\/index.php\/wp-json\/wp\/v2\/media?parent=9"}],"curies":[{"name":"wp","href":"https:\/\/api.w.org\/{rel}","templated":true}]}}